{"id":3459,"date":"2021-05-12T14:34:29","date_gmt":"2021-05-12T11:34:29","guid":{"rendered":"https:\/\/arcrentacar.ro\/intrebari-frecvente\/"},"modified":"2023-01-11T17:22:34","modified_gmt":"2023-01-11T15:22:34","slug":"intrebari-frecvente","status":"publish","type":"page","link":"https:\/\/arcrentacar.ro\/en\/intrebari-frecvente\/","title":{"rendered":"\u00centreb\u0103ri frecvente"},"content":{"rendered":"\t\t<div data-elementor-type=\"wp-page\" data-elementor-id=\"3459\" class=\"elementor elementor-3459 elementor-378\" data-elementor-post-type=\"page\">\n\t\t\t\t\t\t<section class=\"elementor-section elementor-top-section elementor-element elementor-element-0de9a31 elementor-section-boxed elementor-section-height-default elementor-section-height-default\" data-id=\"0de9a31\" data-element_type=\"section\" data-e-type=\"section\" data-settings=\"{&quot;jet_parallax_layout_list&quot;:[{&quot;jet_parallax_layout_image&quot;:{&quot;url&quot;:&quot;&quot;,&quot;id&quot;:&quot;&quot;,&quot;size&quot;:&quot;&quot;},&quot;_id&quot;:&quot;499d146&quot;,&quot;jet_parallax_layout_image_tablet&quot;:{&quot;url&quot;:&quot;&quot;,&quot;id&quot;:&quot;&quot;,&quot;size&quot;:&quot;&quot;},&quot;jet_parallax_layout_image_mobile&quot;:{&quot;url&quot;:&quot;&quot;,&quot;id&quot;:&quot;&quot;,&quot;size&quot;:&quot;&quot;},&quot;jet_parallax_layout_speed&quot;:{&quot;unit&quot;:&quot;%&quot;,&quot;size&quot;:50,&quot;sizes&quot;:[]},&quot;jet_parallax_layout_type&quot;:&quot;scroll&quot;,&quot;jet_parallax_layout_direction&quot;:&quot;1&quot;,&quot;jet_parallax_layout_fx_direction&quot;:null,&quot;jet_parallax_layout_z_index&quot;:&quot;&quot;,&quot;jet_parallax_layout_bg_x&quot;:50,&quot;jet_parallax_layout_bg_x_tablet&quot;:&quot;&quot;,&quot;jet_parallax_layout_bg_x_mobile&quot;:&quot;&quot;,&quot;jet_parallax_layout_bg_y&quot;:50,&quot;jet_parallax_layout_bg_y_tablet&quot;:&quot;&quot;,&quot;jet_parallax_layout_bg_y_mobile&quot;:&quot;&quot;,&quot;jet_parallax_layout_bg_size&quot;:&quot;auto&quot;,&quot;jet_parallax_layout_bg_size_tablet&quot;:&quot;&quot;,&quot;jet_parallax_layout_bg_size_mobile&quot;:&quot;&quot;,&quot;jet_parallax_layout_animation_prop&quot;:&quot;transform&quot;,&quot;jet_parallax_layout_on&quot;:[&quot;desktop&quot;,&quot;tablet&quot;]}]}\">\n\t\t\t\t\t\t<div class=\"elementor-container elementor-column-gap-default\">\n\t\t\t\t\t<div class=\"elementor-column elementor-col-16 elementor-top-column elementor-element elementor-element-8af3fd4\" data-id=\"8af3fd4\" data-element_type=\"column\" data-e-type=\"column\">\n\t\t\t<div class=\"elementor-widget-wrap\">\n\t\t\t\t\t\t\t<\/div>\n\t\t<\/div>\n\t\t\t\t<div class=\"elementor-column elementor-col-66 elementor-top-column elementor-element elementor-element-31daccb\" data-id=\"31daccb\" data-element_type=\"column\" data-e-type=\"column\">\n\t\t\t<div class=\"elementor-widget-wrap elementor-element-populated\">\n\t\t\t\t\t\t<div class=\"elementor-element elementor-element-4c9ee94 elementor-widget elementor-widget-jet-accordion\" data-id=\"4c9ee94\" data-element_type=\"widget\" data-e-type=\"widget\" data-widget_type=\"jet-accordion.default\">\n\t\t\t\t<div class=\"elementor-widget-container\">\n\t\t\t\t\t\t\t<div class=\"jet-accordion\" data-settings=\"{&quot;collapsible&quot;:false,&quot;ajaxTemplate&quot;:false,&quot;switchScrolling&quot;:false,&quot;switchScrollingOffset&quot;:0,&quot;switchScrollingDelay&quot;:500}\">\n\t\t\t<div class=\"jet-accordion__inner\">\n\t\t\t\t<div class=\" jet-accordion__item jet-toggle jet-toggle-move-up-effect \">\n\t\t\t\t\t\t\t<div id=\"jet-toggle-control-8031\" class=\"jet-toggle__control elementor-menu-anchor\" data-toggle=\"1\" role=\"button\" tabindex=\"0\" aria-controls=\"jet-toggle-content-8031\" aria-expanded=\"false\" data-template-id=\"false\">\n\t\t\t\t\t\t\t\t<div class=\"jet-toggle__label-icon jet-toggle-icon-position-left\"><span class=\"jet-toggle__icon icon-normal jet-tabs-icon\"><i class=\"fas fa-plus\"><\/i><\/span><span class=\"jet-toggle__icon icon-active jet-tabs-icon\"><i class=\"fas fa-minus\"><\/i><\/span><\/div><div class=\"jet-toggle__label-text\">De ce documente am nevoie?<\/div>\t\t\t\t\t\t\t<\/div>\n\t\t\t\t\t\t\t<div id=\"jet-toggle-content-8031\" class=\"jet-toggle__content\" data-toggle=\"1\" role=\"region\" data-template-id=\"false\">\n\t\t\t\t\t\t\t\t<div class=\"jet-toggle__content-inner\"><p>Ave\u021bi nevoie de permisul de conducere, de actul de identitate \u0219i de un card de credit atunci c\u00e2nd \u00eenchiria\u021bi ma\u0219ina.<\/p>\n<p>PERMISUL DE CONDUCERE<br \/>* Trebuie s\u0103 fi fost emis cu cel pu\u021bin un an \u00eenainte de data \u00eenchirierii ma\u0219inii;<br \/>* Trebuie s\u0103 fie emis de autorit\u0103\u021bile \u021b\u0103rii \u00een care sunte\u021bi rezident;<br \/>* Pentru a \u00eenchiria o ma\u0219in\u0103 \u00een Rom\u00e2nia, to\u021bi \u0219oferii trebuie s\u0103 prezinte la biroul de \u00eenchiriere at\u00e2t permisul de conducere na\u021bional c\u00e2t \u0219i permisul de conducere interna\u021bional.<\/p>\n<\/div>\n\t\t\t\t\t\t\t<\/div>\n\t\t\t\t\t\t<\/div><div class=\" jet-accordion__item jet-toggle jet-toggle-move-up-effect \">\n\t\t\t\t\t\t\t<div id=\"jet-toggle-control-8032\" class=\"jet-toggle__control elementor-menu-anchor\" data-toggle=\"2\" role=\"button\" tabindex=\"0\" aria-controls=\"jet-toggle-content-8032\" aria-expanded=\"false\" data-template-id=\"false\">\n\t\t\t\t\t\t\t\t<div class=\"jet-toggle__label-icon jet-toggle-icon-position-left\"><span class=\"jet-toggle__icon icon-normal jet-tabs-icon\"><i class=\"fas fa-plus\"><\/i><\/span><span class=\"jet-toggle__icon icon-active jet-tabs-icon\"><i class=\"fas fa-minus\"><\/i><\/span><\/div><div class=\"jet-toggle__label-text\">Doar eu pot s\u0103 conduc ma\u0219ina?<\/div>\t\t\t\t\t\t\t<\/div>\n\t\t\t\t\t\t\t<div id=\"jet-toggle-content-8032\" class=\"jet-toggle__content\" data-toggle=\"2\" role=\"region\" data-template-id=\"false\">\n\t\t\t\t\t\t\t\t<div class=\"jet-toggle__content-inner\"><p>Autoturismul \u00eenchiriat este asigurat doar pentru persoana care este titulara contractului. Dac\u0103 alte persoane inten\u021bioneaz\u0103 s\u0103 conduc\u0103, acele persoane trebuie men\u021bionate \u00een contractul de \u00eenchiriere la momentul deschiderii contractului.<\/p>\n<\/div>\n\t\t\t\t\t\t\t<\/div>\n\t\t\t\t\t\t<\/div><div class=\" jet-accordion__item jet-toggle jet-toggle-move-up-effect \">\n\t\t\t\t\t\t\t<div id=\"jet-toggle-control-8033\" class=\"jet-toggle__control elementor-menu-anchor\" data-toggle=\"3\" role=\"button\" tabindex=\"0\" aria-controls=\"jet-toggle-content-8033\" aria-expanded=\"false\" data-template-id=\"false\">\n\t\t\t\t\t\t\t\t<div class=\"jet-toggle__label-icon jet-toggle-icon-position-left\"><span class=\"jet-toggle__icon icon-normal jet-tabs-icon\"><i class=\"fas fa-plus\"><\/i><\/span><span class=\"jet-toggle__icon icon-active jet-tabs-icon\"><i class=\"fas fa-minus\"><\/i><\/span><\/div><div class=\"jet-toggle__label-text\">Am kilometri limita\u021bi?<\/div>\t\t\t\t\t\t\t<\/div>\n\t\t\t\t\t\t\t<div id=\"jet-toggle-content-8033\" class=\"jet-toggle__content\" data-toggle=\"3\" role=\"region\" data-template-id=\"false\">\n\t\t\t\t\t\t\t\t<div class=\"jet-toggle__content-inner\"><p>Majoritatea tarifelor noastre includ kilometri nelimita\u021bi. Pentru c\u0103 ne dorim s\u0103 te bucuri c\u00e2t mai mult de c\u0103l\u0103toria ta.<\/p>\n<\/div>\n\t\t\t\t\t\t\t<\/div>\n\t\t\t\t\t\t<\/div><div class=\" jet-accordion__item jet-toggle jet-toggle-move-up-effect \">\n\t\t\t\t\t\t\t<div id=\"jet-toggle-control-8034\" class=\"jet-toggle__control elementor-menu-anchor\" data-toggle=\"4\" role=\"button\" tabindex=\"0\" aria-controls=\"jet-toggle-content-8034\" aria-expanded=\"false\" data-template-id=\"false\">\n\t\t\t\t\t\t\t\t<div class=\"jet-toggle__label-icon jet-toggle-icon-position-left\"><span class=\"jet-toggle__icon icon-normal jet-tabs-icon\"><i class=\"fas fa-plus\"><\/i><\/span><span class=\"jet-toggle__icon icon-active jet-tabs-icon\"><i class=\"fas fa-minus\"><\/i><\/span><\/div><div class=\"jet-toggle__label-text\">Pot prelungi rezervarea?<\/div>\t\t\t\t\t\t\t<\/div>\n\t\t\t\t\t\t\t<div id=\"jet-toggle-content-8034\" class=\"jet-toggle__content\" data-toggle=\"4\" role=\"region\" data-template-id=\"false\">\n\t\t\t\t\t\t\t\t<div class=\"jet-toggle__content-inner\"><p>Da, cu condi\u021bia ob\u021binerii acordului agen\u021biei, care v\u0103 solicita \u00een plus plata zilelor de \u00eenchiriere precum \u0219i a eventualelor op\u021biuni suplimentare fa\u021b\u0103 de rezervarea original\u0103.<\/p>\n<\/div>\n\t\t\t\t\t\t\t<\/div>\n\t\t\t\t\t\t<\/div><div class=\" jet-accordion__item jet-toggle jet-toggle-move-up-effect \">\n\t\t\t\t\t\t\t<div id=\"jet-toggle-control-8035\" class=\"jet-toggle__control elementor-menu-anchor\" data-toggle=\"5\" role=\"button\" tabindex=\"0\" aria-controls=\"jet-toggle-content-8035\" aria-expanded=\"false\" data-template-id=\"false\">\n\t\t\t\t\t\t\t\t<div class=\"jet-toggle__label-icon jet-toggle-icon-position-left\"><span class=\"jet-toggle__icon icon-normal jet-tabs-icon\"><i class=\"fas fa-plus\"><\/i><\/span><span class=\"jet-toggle__icon icon-active jet-tabs-icon\"><i class=\"fas fa-minus\"><\/i><\/span><\/div><div class=\"jet-toggle__label-text\">Ce se \u00eent\u00e2mpl\u0103 dac\u0103 am un accident?<\/div>\t\t\t\t\t\t\t<\/div>\n\t\t\t\t\t\t\t<div id=\"jet-toggle-content-8035\" class=\"jet-toggle__content\" data-toggle=\"5\" role=\"region\" data-template-id=\"false\">\n\t\t\t\t\t\t\t\t<div class=\"jet-toggle__content-inner\"><p>\u00cen cazul dificult\u0103\u021bilor de ordin mecanic sau de accident, contacteaz\u0103 agen\u021bia imediat<\/p>\n<ul>\n<li>ai datele de contact pe contractul pe care l-ai semnat<\/li>\n<li>\u0219i angaja\u021bii agen\u021biei te vor sf\u0103tui ce s\u0103 faci.<\/li>\n<\/ul>\n<\/div>\n\t\t\t\t\t\t\t<\/div>\n\t\t\t\t\t\t<\/div><div class=\" jet-accordion__item jet-toggle jet-toggle-move-up-effect \">\n\t\t\t\t\t\t\t<div id=\"jet-toggle-control-8036\" class=\"jet-toggle__control elementor-menu-anchor\" data-toggle=\"6\" role=\"button\" tabindex=\"0\" aria-controls=\"jet-toggle-content-8036\" aria-expanded=\"false\" data-template-id=\"false\">\n\t\t\t\t\t\t\t\t<div class=\"jet-toggle__label-icon jet-toggle-icon-position-left\"><span class=\"jet-toggle__icon icon-normal jet-tabs-icon\"><i class=\"fas fa-plus\"><\/i><\/span><span class=\"jet-toggle__icon icon-active jet-tabs-icon\"><i class=\"fas fa-minus\"><\/i><\/span><\/div><div class=\"jet-toggle__label-text\">De unde se ridic\u0103 ma\u0219ina?<\/div>\t\t\t\t\t\t\t<\/div>\n\t\t\t\t\t\t\t<div id=\"jet-toggle-content-8036\" class=\"jet-toggle__content\" data-toggle=\"6\" role=\"region\" data-template-id=\"false\">\n\t\t\t\t\t\t\t\t<div class=\"jet-toggle__content-inner\"><p>\u00cen cazul rezerv\u0103rilor online, \u00ee\u021bi vom trimite o confirmare a rezerv\u0103rii ce v\u0103 include \u0219i instruc\u021biuni privind locul de unde vei ridica ma\u0219in\u0103. \u00cen cazul rezerv\u0103rii telefonice, de asemenea, vei primi toate instruc\u021biunile necesare.<\/p>\n<\/div>\n\t\t\t\t\t\t\t<\/div>\n\t\t\t\t\t\t<\/div>\t\t\t<\/div>\n\t\t<\/div>\n\t\t\t\t\t\t<\/div>\n\t\t\t\t<\/div>\n\t\t\t\t\t<\/div>\n\t\t<\/div>\n\t\t\t\t<div class=\"elementor-column elementor-col-16 elementor-top-column elementor-element elementor-element-30f24a9\" data-id=\"30f24a9\" data-element_type=\"column\" data-e-type=\"column\">\n\t\t\t<div class=\"elementor-widget-wrap\">\n\t\t\t\t\t\t\t<\/div>\n\t\t<\/div>\n\t\t\t\t\t<\/div>\n\t\t<\/section>\n\t\t\t\t<\/div>\n\t\t","protected":false},"excerpt":{"rendered":"<p>De ce documente am nevoie? Ave\u021bi nevoie de permisul de conducere, de actul de identitate \u0219i de un card de credit atunci c\u00e2nd \u00eenchiria\u021bi ma\u0219ina. PERMISUL DE CONDUCERE* Trebuie s\u0103 fi fost emis cu cel pu\u021bin un an \u00eenainte de data \u00eenchirierii ma\u0219inii;* Trebuie s\u0103 fie emis de autorit\u0103\u021bile \u021b\u0103rii \u00een care sunte\u021bi rezident;* Pentru [&hellip;]<\/p>\n","protected":false},"author":1,"featured_media":2730,"parent":0,"menu_order":0,"comment_status":"closed","ping_status":"closed","template":"elementor_header_footer","meta":{"footnotes":""},"class_list":["post-3459","page","type-page","status-publish","has-post-thumbnail","hentry"],"yoast_head":"<!-- This site is optimized with the Yoast SEO plugin v27.4 - https:\/\/yoast.com\/product\/yoast-seo-wordpress\/ -->\n<title>\u00centreb\u0103ri frecvente - Arc Drive<\/title>\n<meta name=\"robots\" content=\"index, follow, max-snippet:-1, max-image-preview:large, max-video-preview:-1\" \/>\n<link rel=\"canonical\" href=\"https:\/\/arcrentacar.ro\/en\/intrebari-frecvente\/\" \/>\n<meta property=\"og:locale\" content=\"en_US\" \/>\n<meta property=\"og:type\" content=\"article\" \/>\n<meta property=\"og:title\" content=\"\u00centreb\u0103ri frecvente - Arc Drive\" \/>\n<meta property=\"og:description\" content=\"De ce documente am nevoie? Ave\u021bi nevoie de permisul de conducere, de actul de identitate \u0219i de un card de credit atunci c\u00e2nd \u00eenchiria\u021bi ma\u0219ina. PERMISUL DE CONDUCERE* Trebuie s\u0103 fi fost emis cu cel pu\u021bin un an \u00eenainte de data \u00eenchirierii ma\u0219inii;* Trebuie s\u0103 fie emis de autorit\u0103\u021bile \u021b\u0103rii \u00een care sunte\u021bi rezident;* Pentru [&hellip;]\" \/>\n<meta property=\"og:url\" content=\"https:\/\/arcrentacar.ro\/en\/intrebari-frecvente\/\" \/>\n<meta property=\"og:site_name\" content=\"Arc Drive\" \/>\n<meta property=\"article:publisher\" content=\"https:\/\/www.facebook.com\/arcdriverentacar\" \/>\n<meta property=\"article:modified_time\" content=\"2023-01-11T15:22:34+00:00\" \/>\n<meta property=\"og:image\" content=\"https:\/\/arcrentacar.ro\/wp-content\/uploads\/2021\/05\/checkout.jpg\" \/>\n\t<meta property=\"og:image:width\" content=\"1605\" \/>\n\t<meta property=\"og:image:height\" content=\"1070\" \/>\n\t<meta property=\"og:image:type\" content=\"image\/jpeg\" \/>\n<meta name=\"twitter:card\" content=\"summary_large_image\" \/>\n<meta name=\"twitter:label1\" content=\"Est. reading time\" \/>\n\t<meta name=\"twitter:data1\" content=\"1 minute\" \/>\n<script type=\"application\/ld+json\" class=\"yoast-schema-graph\">{\"@context\":\"https:\\\/\\\/schema.org\",\"@graph\":[{\"@type\":\"WebPage\",\"@id\":\"https:\\\/\\\/arcrentacar.ro\\\/en\\\/intrebari-frecvente\\\/\",\"url\":\"https:\\\/\\\/arcrentacar.ro\\\/en\\\/intrebari-frecvente\\\/\",\"name\":\"\u00centreb\u0103ri frecvente - Arc Drive\",\"isPartOf\":{\"@id\":\"https:\\\/\\\/arcrentacar.ro\\\/en\\\/#website\"},\"primaryImageOfPage\":{\"@id\":\"https:\\\/\\\/arcrentacar.ro\\\/en\\\/intrebari-frecvente\\\/#primaryimage\"},\"image\":{\"@id\":\"https:\\\/\\\/arcrentacar.ro\\\/en\\\/intrebari-frecvente\\\/#primaryimage\"},\"thumbnailUrl\":\"https:\\\/\\\/arcrentacar.ro\\\/wp-content\\\/uploads\\\/2021\\\/05\\\/checkout.jpg\",\"datePublished\":\"2021-05-12T11:34:29+00:00\",\"dateModified\":\"2023-01-11T15:22:34+00:00\",\"breadcrumb\":{\"@id\":\"https:\\\/\\\/arcrentacar.ro\\\/en\\\/intrebari-frecvente\\\/#breadcrumb\"},\"inLanguage\":\"en-US\",\"potentialAction\":[{\"@type\":\"ReadAction\",\"target\":[\"https:\\\/\\\/arcrentacar.ro\\\/en\\\/intrebari-frecvente\\\/\"]}]},{\"@type\":\"ImageObject\",\"inLanguage\":\"en-US\",\"@id\":\"https:\\\/\\\/arcrentacar.ro\\\/en\\\/intrebari-frecvente\\\/#primaryimage\",\"url\":\"https:\\\/\\\/arcrentacar.ro\\\/wp-content\\\/uploads\\\/2021\\\/05\\\/checkout.jpg\",\"contentUrl\":\"https:\\\/\\\/arcrentacar.ro\\\/wp-content\\\/uploads\\\/2021\\\/05\\\/checkout.jpg\",\"width\":1605,\"height\":1070},{\"@type\":\"BreadcrumbList\",\"@id\":\"https:\\\/\\\/arcrentacar.ro\\\/en\\\/intrebari-frecvente\\\/#breadcrumb\",\"itemListElement\":[{\"@type\":\"ListItem\",\"position\":1,\"name\":\"Prima pagin\u0103\",\"item\":\"https:\\\/\\\/arcrentacar.ro\\\/en\\\/\"},{\"@type\":\"ListItem\",\"position\":2,\"name\":\"\u00centreb\u0103ri frecvente\"}]},{\"@type\":\"WebSite\",\"@id\":\"https:\\\/\\\/arcrentacar.ro\\\/en\\\/#website\",\"url\":\"https:\\\/\\\/arcrentacar.ro\\\/en\\\/\",\"name\":\"Arc Drive\",\"description\":\"Life is a journey, enjoy the ride!\",\"publisher\":{\"@id\":\"https:\\\/\\\/arcrentacar.ro\\\/en\\\/#organization\"},\"potentialAction\":[{\"@type\":\"SearchAction\",\"target\":{\"@type\":\"EntryPoint\",\"urlTemplate\":\"https:\\\/\\\/arcrentacar.ro\\\/en\\\/?s={search_term_string}\"},\"query-input\":{\"@type\":\"PropertyValueSpecification\",\"valueRequired\":true,\"valueName\":\"search_term_string\"}}],\"inLanguage\":\"en-US\"},{\"@type\":\"Organization\",\"@id\":\"https:\\\/\\\/arcrentacar.ro\\\/en\\\/#organization\",\"name\":\"Arc Drive\",\"url\":\"https:\\\/\\\/arcrentacar.ro\\\/en\\\/\",\"logo\":{\"@type\":\"ImageObject\",\"inLanguage\":\"en-US\",\"@id\":\"https:\\\/\\\/arcrentacar.ro\\\/en\\\/#\\\/schema\\\/logo\\\/image\\\/\",\"url\":\"https:\\\/\\\/arcrentacar.ro\\\/wp-content\\\/uploads\\\/2021\\\/05\\\/cropped-cropped-logo.png\",\"contentUrl\":\"https:\\\/\\\/arcrentacar.ro\\\/wp-content\\\/uploads\\\/2021\\\/05\\\/cropped-cropped-logo.png\",\"width\":1303,\"height\":303,\"caption\":\"Arc Drive\"},\"image\":{\"@id\":\"https:\\\/\\\/arcrentacar.ro\\\/en\\\/#\\\/schema\\\/logo\\\/image\\\/\"},\"sameAs\":[\"https:\\\/\\\/www.facebook.com\\\/arcdriverentacar\"]}]}<\/script>\n<!-- \/ Yoast SEO plugin. -->","yoast_head_json":{"title":"\u00centreb\u0103ri frecvente - Arc Drive","robots":{"index":"index","follow":"follow","max-snippet":"max-snippet:-1","max-image-preview":"max-image-preview:large","max-video-preview":"max-video-preview:-1"},"canonical":"https:\/\/arcrentacar.ro\/en\/intrebari-frecvente\/","og_locale":"en_US","og_type":"article","og_title":"\u00centreb\u0103ri frecvente - Arc Drive","og_description":"De ce documente am nevoie? Ave\u021bi nevoie de permisul de conducere, de actul de identitate \u0219i de un card de credit atunci c\u00e2nd \u00eenchiria\u021bi ma\u0219ina. PERMISUL DE CONDUCERE* Trebuie s\u0103 fi fost emis cu cel pu\u021bin un an \u00eenainte de data \u00eenchirierii ma\u0219inii;* Trebuie s\u0103 fie emis de autorit\u0103\u021bile \u021b\u0103rii \u00een care sunte\u021bi rezident;* Pentru [&hellip;]","og_url":"https:\/\/arcrentacar.ro\/en\/intrebari-frecvente\/","og_site_name":"Arc Drive","article_publisher":"https:\/\/www.facebook.com\/arcdriverentacar","article_modified_time":"2023-01-11T15:22:34+00:00","og_image":[{"width":1605,"height":1070,"url":"https:\/\/arcrentacar.ro\/wp-content\/uploads\/2021\/05\/checkout.jpg","type":"image\/jpeg"}],"twitter_card":"summary_large_image","twitter_misc":{"Est. reading time":"1 minute"},"schema":{"@context":"https:\/\/schema.org","@graph":[{"@type":"WebPage","@id":"https:\/\/arcrentacar.ro\/en\/intrebari-frecvente\/","url":"https:\/\/arcrentacar.ro\/en\/intrebari-frecvente\/","name":"\u00centreb\u0103ri frecvente - Arc Drive","isPartOf":{"@id":"https:\/\/arcrentacar.ro\/en\/#website"},"primaryImageOfPage":{"@id":"https:\/\/arcrentacar.ro\/en\/intrebari-frecvente\/#primaryimage"},"image":{"@id":"https:\/\/arcrentacar.ro\/en\/intrebari-frecvente\/#primaryimage"},"thumbnailUrl":"https:\/\/arcrentacar.ro\/wp-content\/uploads\/2021\/05\/checkout.jpg","datePublished":"2021-05-12T11:34:29+00:00","dateModified":"2023-01-11T15:22:34+00:00","breadcrumb":{"@id":"https:\/\/arcrentacar.ro\/en\/intrebari-frecvente\/#breadcrumb"},"inLanguage":"en-US","potentialAction":[{"@type":"ReadAction","target":["https:\/\/arcrentacar.ro\/en\/intrebari-frecvente\/"]}]},{"@type":"ImageObject","inLanguage":"en-US","@id":"https:\/\/arcrentacar.ro\/en\/intrebari-frecvente\/#primaryimage","url":"https:\/\/arcrentacar.ro\/wp-content\/uploads\/2021\/05\/checkout.jpg","contentUrl":"https:\/\/arcrentacar.ro\/wp-content\/uploads\/2021\/05\/checkout.jpg","width":1605,"height":1070},{"@type":"BreadcrumbList","@id":"https:\/\/arcrentacar.ro\/en\/intrebari-frecvente\/#breadcrumb","itemListElement":[{"@type":"ListItem","position":1,"name":"Prima pagin\u0103","item":"https:\/\/arcrentacar.ro\/en\/"},{"@type":"ListItem","position":2,"name":"\u00centreb\u0103ri frecvente"}]},{"@type":"WebSite","@id":"https:\/\/arcrentacar.ro\/en\/#website","url":"https:\/\/arcrentacar.ro\/en\/","name":"Arc Drive","description":"Life is a journey, enjoy the ride!","publisher":{"@id":"https:\/\/arcrentacar.ro\/en\/#organization"},"potentialAction":[{"@type":"SearchAction","target":{"@type":"EntryPoint","urlTemplate":"https:\/\/arcrentacar.ro\/en\/?s={search_term_string}"},"query-input":{"@type":"PropertyValueSpecification","valueRequired":true,"valueName":"search_term_string"}}],"inLanguage":"en-US"},{"@type":"Organization","@id":"https:\/\/arcrentacar.ro\/en\/#organization","name":"Arc Drive","url":"https:\/\/arcrentacar.ro\/en\/","logo":{"@type":"ImageObject","inLanguage":"en-US","@id":"https:\/\/arcrentacar.ro\/en\/#\/schema\/logo\/image\/","url":"https:\/\/arcrentacar.ro\/wp-content\/uploads\/2021\/05\/cropped-cropped-logo.png","contentUrl":"https:\/\/arcrentacar.ro\/wp-content\/uploads\/2021\/05\/cropped-cropped-logo.png","width":1303,"height":303,"caption":"Arc Drive"},"image":{"@id":"https:\/\/arcrentacar.ro\/en\/#\/schema\/logo\/image\/"},"sameAs":["https:\/\/www.facebook.com\/arcdriverentacar"]}]}},"_links":{"self":[{"href":"https:\/\/arcrentacar.ro\/en\/wp-json\/wp\/v2\/pages\/3459","targetHints":{"allow":["GET"]}}],"collection":[{"href":"https:\/\/arcrentacar.ro\/en\/wp-json\/wp\/v2\/pages"}],"about":[{"href":"https:\/\/arcrentacar.ro\/en\/wp-json\/wp\/v2\/types\/page"}],"author":[{"embeddable":true,"href":"https:\/\/arcrentacar.ro\/en\/wp-json\/wp\/v2\/users\/1"}],"replies":[{"embeddable":true,"href":"https:\/\/arcrentacar.ro\/en\/wp-json\/wp\/v2\/comments?post=3459"}],"version-history":[{"count":0,"href":"https:\/\/arcrentacar.ro\/en\/wp-json\/wp\/v2\/pages\/3459\/revisions"}],"wp:featuredmedia":[{"embeddable":true,"href":"https:\/\/arcrentacar.ro\/en\/wp-json\/wp\/v2\/media\/2730"}],"wp:attachment":[{"href":"https:\/\/arcrentacar.ro\/en\/wp-json\/wp\/v2\/media?parent=3459"}],"curies":[{"name":"wp","href":"https:\/\/api.w.org\/{rel}","templated":true}]}}