{"id":3514,"date":"2021-09-23T09:17:34","date_gmt":"2021-09-23T06:17:34","guid":{"rendered":"https:\/\/arcrentacar.ro\/masini\/inchirieri-masina-cluj-ford-focus\/"},"modified":"2023-01-12T17:47:17","modified_gmt":"2023-01-12T15:47:17","slug":"car-rental-cluj-ford-focus","status":"publish","type":"product","link":"https:\/\/arcrentacar.ro\/en\/masini\/car-rental-cluj-ford-focus\/","title":{"rendered":"Ford Focus 2016 2,0 TDCI 140 CP"},"content":{"rendered":"<p>car rental cluj ford focus<\/p>\n<p>&nbsp;<\/p>\n<p>The 2016 Ford Focus automatic, 1.5 TDCI 140 hp is a modern car, equipped with smart technology, comfortable and connected, with a roomier and quite chic interior.<\/p>\n<p>It is a capable performance model that quickly wins you over with its refinement.<\/p>\n<p>The car will give you a pleasant driving experience both urban and extra-urban, with decent fuel consumption.<\/p>\n<p>Besides comfort, an important aspect is the space offered by this model, enough for a family\u2019s luggage.<\/p>\n<p>&nbsp;<\/p>\n<p>car rental cluj<br \/>\n<img fetchpriority=\"high\" decoding=\"async\" class=\"alignnone size-medium wp-image-1430\" src=\"https:\/\/arcrentacar.ro\/wp-content\/uploads\/2021\/09\/IMG_5333-300x200.jpg\" alt=\"inchirieri masina cluj\" width=\"300\" height=\"200\" srcset=\"https:\/\/arcrentacar.ro\/wp-content\/uploads\/2021\/09\/IMG_5333-300x200.jpg 300w, https:\/\/arcrentacar.ro\/wp-content\/uploads\/2021\/09\/IMG_5333-600x400.jpg 600w, https:\/\/arcrentacar.ro\/wp-content\/uploads\/2021\/09\/IMG_5333-1024x682.jpg 1024w, https:\/\/arcrentacar.ro\/wp-content\/uploads\/2021\/09\/IMG_5333-768x512.jpg 768w, https:\/\/arcrentacar.ro\/wp-content\/uploads\/2021\/09\/IMG_5333.jpg 1280w\" sizes=\"(max-width: 300px) 100vw, 300px\" \/><img decoding=\"async\" class=\"alignnone wp-image-1679 size-medium\" src=\"https:\/\/arcrentacar.ro\/wp-content\/uploads\/2021\/09\/IMG_5328-2-300x200.jpg\" alt=\"\" width=\"300\" height=\"200\" srcset=\"https:\/\/arcrentacar.ro\/wp-content\/uploads\/2021\/09\/IMG_5328-2-300x200.jpg 300w, https:\/\/arcrentacar.ro\/wp-content\/uploads\/2021\/09\/IMG_5328-2-600x400.jpg 600w, https:\/\/arcrentacar.ro\/wp-content\/uploads\/2021\/09\/IMG_5328-2-1024x682.jpg 1024w, https:\/\/arcrentacar.ro\/wp-content\/uploads\/2021\/09\/IMG_5328-2-768x512.jpg 768w, https:\/\/arcrentacar.ro\/wp-content\/uploads\/2021\/09\/IMG_5328-2.jpg 1280w\" sizes=\"(max-width: 300px) 100vw, 300px\" \/><br \/>\ncar rental cluj car rental cluj ford focus<\/p>\n<p>&nbsp;<\/p>\n<p>The mountain routes in the ramp are quite accessible even if it will have the trunk fully loaded and the 5 available seats will be fully occupied.<\/p>\n<p>The Transf\u0103g\u0103r\u0103\u0219an can be a destination that will showcase the capabilities of this model.<\/p>\n<p>When would you like to have it ready for you?<\/p>\n<p>The vehicle is clean, disinfected and thoroughly sanitised. It is equipped with seasonal tires and also comes with a full tank of fuel. Delivery can be made according to your preferences, either in Cluj Napoca or directly to the airport.<\/p>\n<p>Rent the model now for a great experience!<br \/>\nThis Ford model will give you the power you need and the efficiency you want at a competitive price!<\/p>\n<p>Ford Focus 2016 2,0 TDCI 140 CP<\/p>\n<ul>\n<li>Climatronic<\/li>\n<li>On-Bord computer<\/li>\n<li>ABS\/ESP<\/li>\n<li>Steering wheel controls<\/li>\n<li>Autopilot<\/li>\n<li>FRONT\/REAR parking sensors<\/li>\n<li>Central locking<\/li>\n<li>Electric windows and mirrors<\/li>\n<\/ul>\n<p>&nbsp;<\/p>\n<p>Book online or by phone!<\/p>\n<p>&nbsp;<\/p>\n<p><a href=\"https:\/\/arcrentacar.ro\/masini\/ford-focus-automatic-inchirieri-cluj-napoca-aeroport\/\" target=\"_blank\" rel=\"noopener\"><strong>See also Focus 2019 automatic, 1,5 TDCI 120 CP<\/strong><\/a><\/p>\n<p><a href=\"tel:+40 (745) 553 854\" target=\"_blank\" rel=\"noreferrer noopener\">Call now! <strong>+40 (745) 553 854<\/strong><\/a><\/p>\n<p><strong>Back to <a href=\"https:\/\/arcrentacar.ro\/cars\/\" target=\"_blank\" rel=\"noreferrer noopener\">CAR RENTALS<\/a><\/strong><\/p>\n<p><strong><a href=\"http:\/\/airportcluj.ro\/\" target=\"_blank\" rel=\"noreferrer noopener\">INTERNA\u021aIONAL AVRAM IANCU AIRPORT CLUJ<\/a><\/strong><\/p>\n","protected":false},"excerpt":{"rendered":"<p>Ford Focus offers the power you want and the efficiency you need at a competitive price!<\/p>\n","protected":false},"featured_media":3143,"comment_status":"closed","ping_status":"closed","template":"","meta":[],"product_brand":[],"product_cat":[94],"product_tag":[112],"class_list":{"0":"post-3514","1":"product","2":"type-product","3":"status-publish","4":"has-post-thumbnail","6":"product_cat-combi-en-2","7":"product_tag-inchirieri-auto-5-locuri-en","9":"first","10":"instock","11":"shipping-taxable","12":"product-type-redq_rental"},"yoast_head":"<!-- This site is optimized with the Yoast SEO plugin v27.4 - https:\/\/yoast.com\/product\/yoast-seo-wordpress\/ -->\n<title>Rent Ford Focus 2016 2.0 TDCI 140 CP \u25b7 ArcRentACar<\/title>\n<meta name=\"description\" content=\"Car rental Cluj Ford Focus - a model capable of performance that quickly conquers you with its refinement. Book online!\" \/>\n<meta name=\"robots\" content=\"index, follow, max-snippet:-1, max-image-preview:large, max-video-preview:-1\" \/>\n<link rel=\"canonical\" href=\"https:\/\/arcrentacar.ro\/en\/masini\/car-rental-cluj-ford-focus\/\" \/>\n<meta property=\"og:locale\" content=\"en_US\" \/>\n<meta property=\"og:type\" content=\"article\" \/>\n<meta property=\"og:title\" content=\"Rent Ford Focus 2016 2.0 TDCI 140 CP \u25b7 ArcRentACar\" \/>\n<meta property=\"og:description\" content=\"Car rental Cluj Ford Focus - a model capable of performance that quickly conquers you with its refinement. Book online!\" \/>\n<meta property=\"og:url\" content=\"https:\/\/arcrentacar.ro\/en\/masini\/car-rental-cluj-ford-focus\/\" \/>\n<meta property=\"og:site_name\" content=\"Arc Drive\" \/>\n<meta property=\"article:publisher\" content=\"https:\/\/www.facebook.com\/arcdriverentacar\" \/>\n<meta property=\"article:modified_time\" content=\"2023-01-12T15:47:17+00:00\" \/>\n<meta property=\"og:image\" content=\"https:\/\/arcrentacar.ro\/wp-content\/uploads\/2021\/09\/IMG_5317-2.jpg\" \/>\n\t<meta property=\"og:image:width\" content=\"1280\" \/>\n\t<meta property=\"og:image:height\" content=\"853\" \/>\n\t<meta property=\"og:image:type\" content=\"image\/jpeg\" \/>\n<meta name=\"twitter:card\" content=\"summary_large_image\" \/>\n<meta name=\"twitter:label1\" content=\"Est. reading time\" \/>\n\t<meta name=\"twitter:data1\" content=\"1 minute\" \/>\n<script type=\"application\/ld+json\" class=\"yoast-schema-graph\">{\"@context\":\"https:\\\/\\\/schema.org\",\"@graph\":[{\"@type\":\"WebPage\",\"@id\":\"https:\\\/\\\/arcrentacar.ro\\\/en\\\/masini\\\/car-rental-cluj-ford-focus\\\/\",\"url\":\"https:\\\/\\\/arcrentacar.ro\\\/en\\\/masini\\\/car-rental-cluj-ford-focus\\\/\",\"name\":\"Rent Ford Focus 2016 2.0 TDCI 140 CP \u25b7 ArcRentACar\",\"isPartOf\":{\"@id\":\"https:\\\/\\\/arcrentacar.ro\\\/en\\\/#website\"},\"primaryImageOfPage\":{\"@id\":\"https:\\\/\\\/arcrentacar.ro\\\/en\\\/masini\\\/car-rental-cluj-ford-focus\\\/#primaryimage\"},\"image\":{\"@id\":\"https:\\\/\\\/arcrentacar.ro\\\/en\\\/masini\\\/car-rental-cluj-ford-focus\\\/#primaryimage\"},\"thumbnailUrl\":\"https:\\\/\\\/arcrentacar.ro\\\/wp-content\\\/uploads\\\/2021\\\/09\\\/IMG_5317-2.jpg\",\"datePublished\":\"2021-09-23T06:17:34+00:00\",\"dateModified\":\"2023-01-12T15:47:17+00:00\",\"description\":\"Car rental Cluj Ford Focus - a model capable of performance that quickly conquers you with its refinement. Book online!\",\"breadcrumb\":{\"@id\":\"https:\\\/\\\/arcrentacar.ro\\\/en\\\/masini\\\/car-rental-cluj-ford-focus\\\/#breadcrumb\"},\"inLanguage\":\"en-US\",\"potentialAction\":[{\"@type\":\"ReadAction\",\"target\":[\"https:\\\/\\\/arcrentacar.ro\\\/en\\\/masini\\\/car-rental-cluj-ford-focus\\\/\"]}]},{\"@type\":\"ImageObject\",\"inLanguage\":\"en-US\",\"@id\":\"https:\\\/\\\/arcrentacar.ro\\\/en\\\/masini\\\/car-rental-cluj-ford-focus\\\/#primaryimage\",\"url\":\"https:\\\/\\\/arcrentacar.ro\\\/wp-content\\\/uploads\\\/2021\\\/09\\\/IMG_5317-2.jpg\",\"contentUrl\":\"https:\\\/\\\/arcrentacar.ro\\\/wp-content\\\/uploads\\\/2021\\\/09\\\/IMG_5317-2.jpg\",\"width\":1280,\"height\":853},{\"@type\":\"BreadcrumbList\",\"@id\":\"https:\\\/\\\/arcrentacar.ro\\\/en\\\/masini\\\/car-rental-cluj-ford-focus\\\/#breadcrumb\",\"itemListElement\":[{\"@type\":\"ListItem\",\"position\":1,\"name\":\"Prima pagin\u0103\",\"item\":\"https:\\\/\\\/arcrentacar.ro\\\/en\\\/\"},{\"@type\":\"ListItem\",\"position\":2,\"name\":\"Flota auto\",\"item\":\"https:\\\/\\\/arcrentacar.ro\\\/flota-auto\\\/\"},{\"@type\":\"ListItem\",\"position\":3,\"name\":\"Ford Focus 2016 2,0 TDCI 140 CP\"}]},{\"@type\":\"WebSite\",\"@id\":\"https:\\\/\\\/arcrentacar.ro\\\/en\\\/#website\",\"url\":\"https:\\\/\\\/arcrentacar.ro\\\/en\\\/\",\"name\":\"Arc Drive\",\"description\":\"Life is a journey, enjoy the ride!\",\"publisher\":{\"@id\":\"https:\\\/\\\/arcrentacar.ro\\\/en\\\/#organization\"},\"potentialAction\":[{\"@type\":\"SearchAction\",\"target\":{\"@type\":\"EntryPoint\",\"urlTemplate\":\"https:\\\/\\\/arcrentacar.ro\\\/en\\\/?s={search_term_string}\"},\"query-input\":{\"@type\":\"PropertyValueSpecification\",\"valueRequired\":true,\"valueName\":\"search_term_string\"}}],\"inLanguage\":\"en-US\"},{\"@type\":\"Organization\",\"@id\":\"https:\\\/\\\/arcrentacar.ro\\\/en\\\/#organization\",\"name\":\"Arc Drive\",\"url\":\"https:\\\/\\\/arcrentacar.ro\\\/en\\\/\",\"logo\":{\"@type\":\"ImageObject\",\"inLanguage\":\"en-US\",\"@id\":\"https:\\\/\\\/arcrentacar.ro\\\/en\\\/#\\\/schema\\\/logo\\\/image\\\/\",\"url\":\"https:\\\/\\\/arcrentacar.ro\\\/wp-content\\\/uploads\\\/2021\\\/05\\\/cropped-cropped-logo.png\",\"contentUrl\":\"https:\\\/\\\/arcrentacar.ro\\\/wp-content\\\/uploads\\\/2021\\\/05\\\/cropped-cropped-logo.png\",\"width\":1303,\"height\":303,\"caption\":\"Arc Drive\"},\"image\":{\"@id\":\"https:\\\/\\\/arcrentacar.ro\\\/en\\\/#\\\/schema\\\/logo\\\/image\\\/\"},\"sameAs\":[\"https:\\\/\\\/www.facebook.com\\\/arcdriverentacar\"]}]}<\/script>\n<!-- \/ Yoast SEO plugin. -->","yoast_head_json":{"title":"Rent Ford Focus 2016 2.0 TDCI 140 CP \u25b7 ArcRentACar","description":"Car rental Cluj Ford Focus - a model capable of performance that quickly conquers you with its refinement. Book online!","robots":{"index":"index","follow":"follow","max-snippet":"max-snippet:-1","max-image-preview":"max-image-preview:large","max-video-preview":"max-video-preview:-1"},"canonical":"https:\/\/arcrentacar.ro\/en\/masini\/car-rental-cluj-ford-focus\/","og_locale":"en_US","og_type":"article","og_title":"Rent Ford Focus 2016 2.0 TDCI 140 CP \u25b7 ArcRentACar","og_description":"Car rental Cluj Ford Focus - a model capable of performance that quickly conquers you with its refinement. Book online!","og_url":"https:\/\/arcrentacar.ro\/en\/masini\/car-rental-cluj-ford-focus\/","og_site_name":"Arc Drive","article_publisher":"https:\/\/www.facebook.com\/arcdriverentacar","article_modified_time":"2023-01-12T15:47:17+00:00","og_image":[{"width":1280,"height":853,"url":"https:\/\/arcrentacar.ro\/wp-content\/uploads\/2021\/09\/IMG_5317-2.jpg","type":"image\/jpeg"}],"twitter_card":"summary_large_image","twitter_misc":{"Est. reading time":"1 minute"},"schema":{"@context":"https:\/\/schema.org","@graph":[{"@type":"WebPage","@id":"https:\/\/arcrentacar.ro\/en\/masini\/car-rental-cluj-ford-focus\/","url":"https:\/\/arcrentacar.ro\/en\/masini\/car-rental-cluj-ford-focus\/","name":"Rent Ford Focus 2016 2.0 TDCI 140 CP \u25b7 ArcRentACar","isPartOf":{"@id":"https:\/\/arcrentacar.ro\/en\/#website"},"primaryImageOfPage":{"@id":"https:\/\/arcrentacar.ro\/en\/masini\/car-rental-cluj-ford-focus\/#primaryimage"},"image":{"@id":"https:\/\/arcrentacar.ro\/en\/masini\/car-rental-cluj-ford-focus\/#primaryimage"},"thumbnailUrl":"https:\/\/arcrentacar.ro\/wp-content\/uploads\/2021\/09\/IMG_5317-2.jpg","datePublished":"2021-09-23T06:17:34+00:00","dateModified":"2023-01-12T15:47:17+00:00","description":"Car rental Cluj Ford Focus - a model capable of performance that quickly conquers you with its refinement. Book online!","breadcrumb":{"@id":"https:\/\/arcrentacar.ro\/en\/masini\/car-rental-cluj-ford-focus\/#breadcrumb"},"inLanguage":"en-US","potentialAction":[{"@type":"ReadAction","target":["https:\/\/arcrentacar.ro\/en\/masini\/car-rental-cluj-ford-focus\/"]}]},{"@type":"ImageObject","inLanguage":"en-US","@id":"https:\/\/arcrentacar.ro\/en\/masini\/car-rental-cluj-ford-focus\/#primaryimage","url":"https:\/\/arcrentacar.ro\/wp-content\/uploads\/2021\/09\/IMG_5317-2.jpg","contentUrl":"https:\/\/arcrentacar.ro\/wp-content\/uploads\/2021\/09\/IMG_5317-2.jpg","width":1280,"height":853},{"@type":"BreadcrumbList","@id":"https:\/\/arcrentacar.ro\/en\/masini\/car-rental-cluj-ford-focus\/#breadcrumb","itemListElement":[{"@type":"ListItem","position":1,"name":"Prima pagin\u0103","item":"https:\/\/arcrentacar.ro\/en\/"},{"@type":"ListItem","position":2,"name":"Flota auto","item":"https:\/\/arcrentacar.ro\/flota-auto\/"},{"@type":"ListItem","position":3,"name":"Ford Focus 2016 2,0 TDCI 140 CP"}]},{"@type":"WebSite","@id":"https:\/\/arcrentacar.ro\/en\/#website","url":"https:\/\/arcrentacar.ro\/en\/","name":"Arc Drive","description":"Life is a journey, enjoy the ride!","publisher":{"@id":"https:\/\/arcrentacar.ro\/en\/#organization"},"potentialAction":[{"@type":"SearchAction","target":{"@type":"EntryPoint","urlTemplate":"https:\/\/arcrentacar.ro\/en\/?s={search_term_string}"},"query-input":{"@type":"PropertyValueSpecification","valueRequired":true,"valueName":"search_term_string"}}],"inLanguage":"en-US"},{"@type":"Organization","@id":"https:\/\/arcrentacar.ro\/en\/#organization","name":"Arc Drive","url":"https:\/\/arcrentacar.ro\/en\/","logo":{"@type":"ImageObject","inLanguage":"en-US","@id":"https:\/\/arcrentacar.ro\/en\/#\/schema\/logo\/image\/","url":"https:\/\/arcrentacar.ro\/wp-content\/uploads\/2021\/05\/cropped-cropped-logo.png","contentUrl":"https:\/\/arcrentacar.ro\/wp-content\/uploads\/2021\/05\/cropped-cropped-logo.png","width":1303,"height":303,"caption":"Arc Drive"},"image":{"@id":"https:\/\/arcrentacar.ro\/en\/#\/schema\/logo\/image\/"},"sameAs":["https:\/\/www.facebook.com\/arcdriverentacar"]}]}},"_links":{"self":[{"href":"https:\/\/arcrentacar.ro\/en\/wp-json\/wp\/v2\/product\/3514","targetHints":{"allow":["GET"]}}],"collection":[{"href":"https:\/\/arcrentacar.ro\/en\/wp-json\/wp\/v2\/product"}],"about":[{"href":"https:\/\/arcrentacar.ro\/en\/wp-json\/wp\/v2\/types\/product"}],"replies":[{"embeddable":true,"href":"https:\/\/arcrentacar.ro\/en\/wp-json\/wp\/v2\/comments?post=3514"}],"wp:featuredmedia":[{"embeddable":true,"href":"https:\/\/arcrentacar.ro\/en\/wp-json\/wp\/v2\/media\/3143"}],"wp:attachment":[{"href":"https:\/\/arcrentacar.ro\/en\/wp-json\/wp\/v2\/media?parent=3514"}],"wp:term":[{"taxonomy":"product_brand","embeddable":true,"href":"https:\/\/arcrentacar.ro\/en\/wp-json\/wp\/v2\/product_brand?post=3514"},{"taxonomy":"product_cat","embeddable":true,"href":"https:\/\/arcrentacar.ro\/en\/wp-json\/wp\/v2\/product_cat?post=3514"},{"taxonomy":"product_tag","embeddable":true,"href":"https:\/\/arcrentacar.ro\/en\/wp-json\/wp\/v2\/product_tag?post=3514"}],"curies":[{"name":"wp","href":"https:\/\/api.w.org\/{rel}","templated":true}]}}