{"id":3521,"date":"2021-06-25T12:48:32","date_gmt":"2021-06-25T09:48:32","guid":{"rendered":"https:\/\/arcrentacar.ro\/masini\/inchirieri-auto-4x4-in-cluj-ford-kuga-4x4\/"},"modified":"2023-01-12T17:50:04","modified_gmt":"2023-01-12T15:50:04","slug":"4x4-car-rental-cluj","status":"publish","type":"product","link":"https:\/\/arcrentacar.ro\/en\/masini\/4x4-car-rental-cluj\/","title":{"rendered":"Ford Kuga 4\u00d74 2013 2000 TDCI"},"content":{"rendered":"<p><em>4X4 car rental Cluj<\/em><\/p>\n<p>&nbsp;<\/p>\n<p>O ma\u0219in\u0103 cate te va duce acolo unde \u00ee\u021bi dore\u0219ti!<\/p>\n<p>Modelul Ford Kuga 4\u00d74 2013 este un model potrivit pentru iubitorii de c\u0103l\u0103torii \u0219i desigur pentru cei care apreciaz\u0103 tehnologia 4\u00d74.<\/p>\n<p>Experien\u021ba la volanul acestui model poate fi cuprins\u0103 intr-un singur cuv\u00e2nt \u0219i anume \u201cdistrac\u021bie\u201d, un cuv\u00e2nt des folosit de c\u0103tre cei care l-au \u00eencercat.<\/p>\n<p>&nbsp;<\/p>\n<p>inchirieri auto 4X4 in Cluj<br \/>\n<img fetchpriority=\"high\" decoding=\"async\" class=\"alignnone size-medium wp-image-1196\" src=\"https:\/\/arcrentacar.ro\/wp-content\/uploads\/2021\/06\/ford-kuga-2013-car-rental-cluj-300x200.jpg\" alt=\"\" width=\"300\" height=\"200\" srcset=\"https:\/\/arcrentacar.ro\/wp-content\/uploads\/2021\/06\/ford-kuga-2013-car-rental-cluj-300x200.jpg 300w, https:\/\/arcrentacar.ro\/wp-content\/uploads\/2021\/06\/ford-kuga-2013-car-rental-cluj-600x401.jpg 600w, https:\/\/arcrentacar.ro\/wp-content\/uploads\/2021\/06\/ford-kuga-2013-car-rental-cluj-768x513.jpg 768w, https:\/\/arcrentacar.ro\/wp-content\/uploads\/2021\/06\/ford-kuga-2013-car-rental-cluj.jpg 900w\" sizes=\"(max-width: 300px) 100vw, 300px\" \/><\/p>\n<p>&nbsp;<\/p>\n<p>Ma\u0219ina este dotat\u0103 cu anvelope de calitate adecvate sezonului care contribuie la comportamentul irepro\u015fabil pe orice fel de carosabil. Fie c\u0103 te deplasezi pe drumuri neasfaltate, din piatr\u0103 sau de p\u0103m\u00e2nt indiferent de anotimp, echilibrul define\u0219te acest model.<\/p>\n<p>Desigur preg\u0103tirea \u00een detaliu a autovehicului pentru c\u0103l\u0103toria ta, este prioritatea noastr\u0103.<\/p>\n<p>Ma\u0219ina este \u00eentotdeauna cur\u0103\u021bat\u0103 \u0219i igienizat\u0103, cu plinul f\u0103cut \u0219i livrat\u0103 \u00een locul ales de tine inclusiv la aeroportul Avram Iancu Cluj, f\u0103r\u0103 costuri suplimentare.<\/p>\n<p>&nbsp;<\/p>\n<p>&nbsp;<\/p>\n<h4>Ford Kuga 4\u00d74 2013 2000 TDCI<\/h4>\n<ul>\n<li><strong><em>Dublu Climatronic<br \/>\n<\/em><\/strong><\/li>\n<li><strong><em>Computer de bord<br \/>\n<\/em><\/strong><\/li>\n<li><strong><em>Pilot automat<br \/>\n<\/em><\/strong><\/li>\n<li><strong><em>Navigatie<br \/>\n<\/em><\/strong><\/li>\n<li><strong><em>Inchidere centralizata<br \/>\n<\/em><\/strong><\/li>\n<li><strong><em>Senzori de lumina\/ploaie<br \/>\n<\/em><\/strong><\/li>\n<li><strong><em>Senzori de parcare<br \/>\n<\/em><\/strong><\/li>\n<li><strong><em>ABS\/ESP<br \/>\n<\/em><\/strong><\/li>\n<li><strong><em>Geamuri si oglinzi electrice<br \/>\n<\/em><\/strong><\/li>\n<li><strong><em>Comenzi pe volan<br \/>\n<\/em><\/strong><\/li>\n<li><strong><em>Radio CD<br \/>\n<\/em><\/strong><\/li>\n<li><strong><em>Incalzire scaune<\/em><\/strong><\/li>\n<\/ul>\n<p>&nbsp;<\/p>\n<p>Rezerv\u0103 online sau telefonic!<\/p>\n<p>&nbsp;<\/p>\n<p><a href=\"https:\/\/arcrentacar.ro\/cars\/ford-kuga-2014\/\" target=\"_blank\" rel=\"noreferrer noopener\">Vezi \u0219i\u00a0<strong>FORD KUGA 2014 MOTOR 2.0 TDCI 140 CP<\/strong>\u00a0de la 25 euro zi<\/a><\/p>\n<p><a href=\"tel:+40 (745) 553 854\" target=\"_blank\" rel=\"noreferrer noopener\">SUN\u0102 ACUM!\u00a0<strong>+40 (745) 553 854<\/strong><\/a><\/p>\n<p><strong>\u00cenapoi la\u00a0<a href=\"https:\/\/arcrentacar.ro\/cars\/\" target=\"_blank\" rel=\"noreferrer noopener\">OFERTE DE \u00ceNCHIRIAT<\/a><\/strong><\/p>\n<p><strong><a href=\"http:\/\/airportcluj.ro\/\" target=\"_blank\" rel=\"noreferrer noopener\">AEROPORTUL INTERNA\u021aIONAL AVRAM IANCU CLUJ<\/a><\/strong><\/p>\n","protected":false},"excerpt":{"rendered":"<p>4X4 car rental Cluj &nbsp; O ma\u0219in\u0103 cate te va duce acolo unde \u00ee\u021bi dore\u0219ti! Modelul Ford Kuga 4\u00d74 2013 este un model potrivit pentru iubitorii de c\u0103l\u0103torii \u0219i desigur pentru cei care apreciaz\u0103 tehnologia 4\u00d74. Experien\u021ba la volanul acestui model poate fi cuprins\u0103 intr-un singur cuv\u00e2nt \u0219i anume \u201cdistrac\u021bie\u201d, un cuv\u00e2nt des folosit de [&hellip;]<\/p>\n","protected":false},"featured_media":2631,"comment_status":"closed","ping_status":"closed","template":"","meta":[],"product_brand":[],"product_cat":[98],"product_tag":[112],"class_list":{"0":"post-3521","1":"product","2":"type-product","3":"status-publish","4":"has-post-thumbnail","6":"product_cat-suv-en-2","7":"product_tag-inchirieri-auto-5-locuri-en","9":"first","10":"instock","11":"shipping-taxable","12":"product-type-redq_rental"},"yoast_head":"<!-- This site is optimized with the Yoast SEO plugin v27.4 - https:\/\/yoast.com\/product\/yoast-seo-wordpress\/ -->\n<title>Inchiriere Ford Kuga 4x4 2013 TDCI \u25b7 ArcRentACar<\/title>\n<meta name=\"description\" content=\"Inchirieri auto 4X4 in Cluj | Kuga un model potrivit pentru iubitorii de c\u0103l\u0103torii \u0219i desigur pentru cei care apreciaz\u0103 tehnologia 4\u00d74.\" \/>\n<meta name=\"robots\" content=\"index, follow, max-snippet:-1, max-image-preview:large, max-video-preview:-1\" \/>\n<link rel=\"canonical\" href=\"https:\/\/arcrentacar.ro\/en\/masini\/4x4-car-rental-cluj\/\" \/>\n<meta property=\"og:locale\" content=\"en_US\" \/>\n<meta property=\"og:type\" content=\"article\" \/>\n<meta property=\"og:title\" content=\"Inchiriere Ford Kuga 4x4 2013 TDCI \u25b7 ArcRentACar\" \/>\n<meta property=\"og:description\" content=\"Inchirieri auto 4X4 in Cluj | Kuga un model potrivit pentru iubitorii de c\u0103l\u0103torii \u0219i desigur pentru cei care apreciaz\u0103 tehnologia 4\u00d74.\" \/>\n<meta property=\"og:url\" content=\"https:\/\/arcrentacar.ro\/en\/masini\/4x4-car-rental-cluj\/\" \/>\n<meta property=\"og:site_name\" content=\"Arc Drive\" \/>\n<meta property=\"article:publisher\" content=\"https:\/\/www.facebook.com\/arcdriverentacar\" \/>\n<meta property=\"article:modified_time\" content=\"2023-01-12T15:50:04+00:00\" \/>\n<meta property=\"og:image\" content=\"https:\/\/arcrentacar.ro\/wp-content\/uploads\/2021\/05\/rent-a-car-cluj-napoca-arc-drive-masina-de-inchiriat-ford-kuga-2014-2.jpg\" \/>\n\t<meta property=\"og:image:width\" content=\"900\" \/>\n\t<meta property=\"og:image:height\" content=\"601\" \/>\n\t<meta property=\"og:image:type\" content=\"image\/jpeg\" \/>\n<meta name=\"twitter:card\" content=\"summary_large_image\" \/>\n<meta name=\"twitter:label1\" content=\"Est. reading time\" \/>\n\t<meta name=\"twitter:data1\" content=\"1 minute\" \/>\n<script type=\"application\/ld+json\" class=\"yoast-schema-graph\">{\"@context\":\"https:\\\/\\\/schema.org\",\"@graph\":[{\"@type\":\"WebPage\",\"@id\":\"https:\\\/\\\/arcrentacar.ro\\\/en\\\/masini\\\/4x4-car-rental-cluj\\\/\",\"url\":\"https:\\\/\\\/arcrentacar.ro\\\/en\\\/masini\\\/4x4-car-rental-cluj\\\/\",\"name\":\"Inchiriere Ford Kuga 4x4 2013 TDCI \u25b7 ArcRentACar\",\"isPartOf\":{\"@id\":\"https:\\\/\\\/arcrentacar.ro\\\/en\\\/#website\"},\"primaryImageOfPage\":{\"@id\":\"https:\\\/\\\/arcrentacar.ro\\\/en\\\/masini\\\/4x4-car-rental-cluj\\\/#primaryimage\"},\"image\":{\"@id\":\"https:\\\/\\\/arcrentacar.ro\\\/en\\\/masini\\\/4x4-car-rental-cluj\\\/#primaryimage\"},\"thumbnailUrl\":\"https:\\\/\\\/arcrentacar.ro\\\/wp-content\\\/uploads\\\/2021\\\/05\\\/rent-a-car-cluj-napoca-arc-drive-masina-de-inchiriat-ford-kuga-2014-2.jpg\",\"datePublished\":\"2021-06-25T09:48:32+00:00\",\"dateModified\":\"2023-01-12T15:50:04+00:00\",\"description\":\"Inchirieri auto 4X4 in Cluj | Kuga un model potrivit pentru iubitorii de c\u0103l\u0103torii \u0219i desigur pentru cei care apreciaz\u0103 tehnologia 4\u00d74.\",\"breadcrumb\":{\"@id\":\"https:\\\/\\\/arcrentacar.ro\\\/en\\\/masini\\\/4x4-car-rental-cluj\\\/#breadcrumb\"},\"inLanguage\":\"en-US\",\"potentialAction\":[{\"@type\":\"ReadAction\",\"target\":[\"https:\\\/\\\/arcrentacar.ro\\\/en\\\/masini\\\/4x4-car-rental-cluj\\\/\"]}]},{\"@type\":\"ImageObject\",\"inLanguage\":\"en-US\",\"@id\":\"https:\\\/\\\/arcrentacar.ro\\\/en\\\/masini\\\/4x4-car-rental-cluj\\\/#primaryimage\",\"url\":\"https:\\\/\\\/arcrentacar.ro\\\/wp-content\\\/uploads\\\/2021\\\/05\\\/rent-a-car-cluj-napoca-arc-drive-masina-de-inchiriat-ford-kuga-2014-2.jpg\",\"contentUrl\":\"https:\\\/\\\/arcrentacar.ro\\\/wp-content\\\/uploads\\\/2021\\\/05\\\/rent-a-car-cluj-napoca-arc-drive-masina-de-inchiriat-ford-kuga-2014-2.jpg\",\"width\":900,\"height\":601,\"caption\":\"4X4 car rentals in Cluj Ford Kuga\"},{\"@type\":\"BreadcrumbList\",\"@id\":\"https:\\\/\\\/arcrentacar.ro\\\/en\\\/masini\\\/4x4-car-rental-cluj\\\/#breadcrumb\",\"itemListElement\":[{\"@type\":\"ListItem\",\"position\":1,\"name\":\"Prima pagin\u0103\",\"item\":\"https:\\\/\\\/arcrentacar.ro\\\/en\\\/\"},{\"@type\":\"ListItem\",\"position\":2,\"name\":\"Flota auto\",\"item\":\"https:\\\/\\\/arcrentacar.ro\\\/flota-auto\\\/\"},{\"@type\":\"ListItem\",\"position\":3,\"name\":\"Ford Kuga 4\u00d74 2013 2000 TDCI\"}]},{\"@type\":\"WebSite\",\"@id\":\"https:\\\/\\\/arcrentacar.ro\\\/en\\\/#website\",\"url\":\"https:\\\/\\\/arcrentacar.ro\\\/en\\\/\",\"name\":\"Arc Drive\",\"description\":\"Life is a journey, enjoy the ride!\",\"publisher\":{\"@id\":\"https:\\\/\\\/arcrentacar.ro\\\/en\\\/#organization\"},\"potentialAction\":[{\"@type\":\"SearchAction\",\"target\":{\"@type\":\"EntryPoint\",\"urlTemplate\":\"https:\\\/\\\/arcrentacar.ro\\\/en\\\/?s={search_term_string}\"},\"query-input\":{\"@type\":\"PropertyValueSpecification\",\"valueRequired\":true,\"valueName\":\"search_term_string\"}}],\"inLanguage\":\"en-US\"},{\"@type\":\"Organization\",\"@id\":\"https:\\\/\\\/arcrentacar.ro\\\/en\\\/#organization\",\"name\":\"Arc Drive\",\"url\":\"https:\\\/\\\/arcrentacar.ro\\\/en\\\/\",\"logo\":{\"@type\":\"ImageObject\",\"inLanguage\":\"en-US\",\"@id\":\"https:\\\/\\\/arcrentacar.ro\\\/en\\\/#\\\/schema\\\/logo\\\/image\\\/\",\"url\":\"https:\\\/\\\/arcrentacar.ro\\\/wp-content\\\/uploads\\\/2021\\\/05\\\/cropped-cropped-logo.png\",\"contentUrl\":\"https:\\\/\\\/arcrentacar.ro\\\/wp-content\\\/uploads\\\/2021\\\/05\\\/cropped-cropped-logo.png\",\"width\":1303,\"height\":303,\"caption\":\"Arc Drive\"},\"image\":{\"@id\":\"https:\\\/\\\/arcrentacar.ro\\\/en\\\/#\\\/schema\\\/logo\\\/image\\\/\"},\"sameAs\":[\"https:\\\/\\\/www.facebook.com\\\/arcdriverentacar\"]}]}<\/script>\n<!-- \/ Yoast SEO plugin. -->","yoast_head_json":{"title":"Inchiriere Ford Kuga 4x4 2013 TDCI \u25b7 ArcRentACar","description":"Inchirieri auto 4X4 in Cluj | Kuga un model potrivit pentru iubitorii de c\u0103l\u0103torii \u0219i desigur pentru cei care apreciaz\u0103 tehnologia 4\u00d74.","robots":{"index":"index","follow":"follow","max-snippet":"max-snippet:-1","max-image-preview":"max-image-preview:large","max-video-preview":"max-video-preview:-1"},"canonical":"https:\/\/arcrentacar.ro\/en\/masini\/4x4-car-rental-cluj\/","og_locale":"en_US","og_type":"article","og_title":"Inchiriere Ford Kuga 4x4 2013 TDCI \u25b7 ArcRentACar","og_description":"Inchirieri auto 4X4 in Cluj | Kuga un model potrivit pentru iubitorii de c\u0103l\u0103torii \u0219i desigur pentru cei care apreciaz\u0103 tehnologia 4\u00d74.","og_url":"https:\/\/arcrentacar.ro\/en\/masini\/4x4-car-rental-cluj\/","og_site_name":"Arc Drive","article_publisher":"https:\/\/www.facebook.com\/arcdriverentacar","article_modified_time":"2023-01-12T15:50:04+00:00","og_image":[{"width":900,"height":601,"url":"https:\/\/arcrentacar.ro\/wp-content\/uploads\/2021\/05\/rent-a-car-cluj-napoca-arc-drive-masina-de-inchiriat-ford-kuga-2014-2.jpg","type":"image\/jpeg"}],"twitter_card":"summary_large_image","twitter_misc":{"Est. reading time":"1 minute"},"schema":{"@context":"https:\/\/schema.org","@graph":[{"@type":"WebPage","@id":"https:\/\/arcrentacar.ro\/en\/masini\/4x4-car-rental-cluj\/","url":"https:\/\/arcrentacar.ro\/en\/masini\/4x4-car-rental-cluj\/","name":"Inchiriere Ford Kuga 4x4 2013 TDCI \u25b7 ArcRentACar","isPartOf":{"@id":"https:\/\/arcrentacar.ro\/en\/#website"},"primaryImageOfPage":{"@id":"https:\/\/arcrentacar.ro\/en\/masini\/4x4-car-rental-cluj\/#primaryimage"},"image":{"@id":"https:\/\/arcrentacar.ro\/en\/masini\/4x4-car-rental-cluj\/#primaryimage"},"thumbnailUrl":"https:\/\/arcrentacar.ro\/wp-content\/uploads\/2021\/05\/rent-a-car-cluj-napoca-arc-drive-masina-de-inchiriat-ford-kuga-2014-2.jpg","datePublished":"2021-06-25T09:48:32+00:00","dateModified":"2023-01-12T15:50:04+00:00","description":"Inchirieri auto 4X4 in Cluj | Kuga un model potrivit pentru iubitorii de c\u0103l\u0103torii \u0219i desigur pentru cei care apreciaz\u0103 tehnologia 4\u00d74.","breadcrumb":{"@id":"https:\/\/arcrentacar.ro\/en\/masini\/4x4-car-rental-cluj\/#breadcrumb"},"inLanguage":"en-US","potentialAction":[{"@type":"ReadAction","target":["https:\/\/arcrentacar.ro\/en\/masini\/4x4-car-rental-cluj\/"]}]},{"@type":"ImageObject","inLanguage":"en-US","@id":"https:\/\/arcrentacar.ro\/en\/masini\/4x4-car-rental-cluj\/#primaryimage","url":"https:\/\/arcrentacar.ro\/wp-content\/uploads\/2021\/05\/rent-a-car-cluj-napoca-arc-drive-masina-de-inchiriat-ford-kuga-2014-2.jpg","contentUrl":"https:\/\/arcrentacar.ro\/wp-content\/uploads\/2021\/05\/rent-a-car-cluj-napoca-arc-drive-masina-de-inchiriat-ford-kuga-2014-2.jpg","width":900,"height":601,"caption":"4X4 car rentals in Cluj Ford Kuga"},{"@type":"BreadcrumbList","@id":"https:\/\/arcrentacar.ro\/en\/masini\/4x4-car-rental-cluj\/#breadcrumb","itemListElement":[{"@type":"ListItem","position":1,"name":"Prima pagin\u0103","item":"https:\/\/arcrentacar.ro\/en\/"},{"@type":"ListItem","position":2,"name":"Flota auto","item":"https:\/\/arcrentacar.ro\/flota-auto\/"},{"@type":"ListItem","position":3,"name":"Ford Kuga 4\u00d74 2013 2000 TDCI"}]},{"@type":"WebSite","@id":"https:\/\/arcrentacar.ro\/en\/#website","url":"https:\/\/arcrentacar.ro\/en\/","name":"Arc Drive","description":"Life is a journey, enjoy the ride!","publisher":{"@id":"https:\/\/arcrentacar.ro\/en\/#organization"},"potentialAction":[{"@type":"SearchAction","target":{"@type":"EntryPoint","urlTemplate":"https:\/\/arcrentacar.ro\/en\/?s={search_term_string}"},"query-input":{"@type":"PropertyValueSpecification","valueRequired":true,"valueName":"search_term_string"}}],"inLanguage":"en-US"},{"@type":"Organization","@id":"https:\/\/arcrentacar.ro\/en\/#organization","name":"Arc Drive","url":"https:\/\/arcrentacar.ro\/en\/","logo":{"@type":"ImageObject","inLanguage":"en-US","@id":"https:\/\/arcrentacar.ro\/en\/#\/schema\/logo\/image\/","url":"https:\/\/arcrentacar.ro\/wp-content\/uploads\/2021\/05\/cropped-cropped-logo.png","contentUrl":"https:\/\/arcrentacar.ro\/wp-content\/uploads\/2021\/05\/cropped-cropped-logo.png","width":1303,"height":303,"caption":"Arc Drive"},"image":{"@id":"https:\/\/arcrentacar.ro\/en\/#\/schema\/logo\/image\/"},"sameAs":["https:\/\/www.facebook.com\/arcdriverentacar"]}]}},"_links":{"self":[{"href":"https:\/\/arcrentacar.ro\/en\/wp-json\/wp\/v2\/product\/3521","targetHints":{"allow":["GET"]}}],"collection":[{"href":"https:\/\/arcrentacar.ro\/en\/wp-json\/wp\/v2\/product"}],"about":[{"href":"https:\/\/arcrentacar.ro\/en\/wp-json\/wp\/v2\/types\/product"}],"replies":[{"embeddable":true,"href":"https:\/\/arcrentacar.ro\/en\/wp-json\/wp\/v2\/comments?post=3521"}],"wp:featuredmedia":[{"embeddable":true,"href":"https:\/\/arcrentacar.ro\/en\/wp-json\/wp\/v2\/media\/2631"}],"wp:attachment":[{"href":"https:\/\/arcrentacar.ro\/en\/wp-json\/wp\/v2\/media?parent=3521"}],"wp:term":[{"taxonomy":"product_brand","embeddable":true,"href":"https:\/\/arcrentacar.ro\/en\/wp-json\/wp\/v2\/product_brand?post=3521"},{"taxonomy":"product_cat","embeddable":true,"href":"https:\/\/arcrentacar.ro\/en\/wp-json\/wp\/v2\/product_cat?post=3521"},{"taxonomy":"product_tag","embeddable":true,"href":"https:\/\/arcrentacar.ro\/en\/wp-json\/wp\/v2\/product_tag?post=3521"}],"curies":[{"name":"wp","href":"https:\/\/api.w.org\/{rel}","templated":true}]}}