{"id":3522,"date":"2021-05-12T11:50:05","date_gmt":"2021-05-12T08:50:05","guid":{"rendered":"https:\/\/arcrentacar.ro\/masini\/inchirieri-auto-7-locuri-cluj-volkswagen-touran\/"},"modified":"2023-01-12T17:50:24","modified_gmt":"2023-01-12T15:50:24","slug":"inchirieri-auto-7-locuri-cluj-volkswagen-touran","status":"publish","type":"product","link":"https:\/\/arcrentacar.ro\/en\/masini\/inchirieri-auto-7-locuri-cluj-volkswagen-touran\/","title":{"rendered":"VOLKSWAGEN TOURAN 2014 AUTOMATIC 2.0 TDCI 140 HP"},"content":{"rendered":"<p><em>\u00eenchirieri auto 7 locuri Cluj | Volkswagen Touran AUTOMATIC\u00a0<\/em><\/p>\n<p>&nbsp;<\/p>\n<p>Deoarece ofer\u0103 un spa\u021biu generos at\u00e2t de depozitare c\u00e2t \u0219i pentru pasageri, plus cele 2 locuri suplimentare, Volkswagen Touran automatic 2014, devine un model perfect de accesat atunci c\u00e2nd pl\u0103nuie\u0219ti o vacan\u021b\u0103 cu \u00eentreaga familie ori cu prietenii.<\/p>\n<p>&nbsp;<\/p>\n<p><em>\u00eenchirieri auto 7 locuri Cluj<\/em><br \/>\n<img fetchpriority=\"high\" decoding=\"async\" class=\"alignnone size-medium wp-image-226\" src=\"https:\/\/arcrentacar.ro\/wp-content\/uploads\/2021\/05\/rent-a-car-cluj-napoca-arc-drive-masina-de-inchiriat-cluj-napoca-155-300x200.jpg\" alt=\"\" width=\"300\" height=\"200\" srcset=\"https:\/\/arcrentacar.ro\/wp-content\/uploads\/2021\/05\/rent-a-car-cluj-napoca-arc-drive-masina-de-inchiriat-cluj-napoca-155-300x200.jpg 300w, https:\/\/arcrentacar.ro\/wp-content\/uploads\/2021\/05\/rent-a-car-cluj-napoca-arc-drive-masina-de-inchiriat-cluj-napoca-155-600x401.jpg 600w, https:\/\/arcrentacar.ro\/wp-content\/uploads\/2021\/05\/rent-a-car-cluj-napoca-arc-drive-masina-de-inchiriat-cluj-napoca-155-768x513.jpg 768w, https:\/\/arcrentacar.ro\/wp-content\/uploads\/2021\/05\/rent-a-car-cluj-napoca-arc-drive-masina-de-inchiriat-cluj-napoca-155.jpg 900w\" sizes=\"(max-width: 300px) 100vw, 300px\" \/><strong><img decoding=\"async\" class=\"alignnone size-medium wp-image-225\" src=\"https:\/\/arcrentacar.ro\/wp-content\/uploads\/2021\/05\/rent-a-car-cluj-napoca-arc-drive-masina-de-inchiriat-cluj-napoca-153-300x200.jpg\" alt=\"\" width=\"300\" height=\"200\" srcset=\"https:\/\/arcrentacar.ro\/wp-content\/uploads\/2021\/05\/rent-a-car-cluj-napoca-arc-drive-masina-de-inchiriat-cluj-napoca-153-300x200.jpg 300w, https:\/\/arcrentacar.ro\/wp-content\/uploads\/2021\/05\/rent-a-car-cluj-napoca-arc-drive-masina-de-inchiriat-cluj-napoca-153-600x401.jpg 600w, https:\/\/arcrentacar.ro\/wp-content\/uploads\/2021\/05\/rent-a-car-cluj-napoca-arc-drive-masina-de-inchiriat-cluj-napoca-153-768x513.jpg 768w, https:\/\/arcrentacar.ro\/wp-content\/uploads\/2021\/05\/rent-a-car-cluj-napoca-arc-drive-masina-de-inchiriat-cluj-napoca-153.jpg 900w\" sizes=\"(max-width: 300px) 100vw, 300px\" \/><\/strong><\/p>\n<p>&nbsp;<\/p>\n<p>Pentru cei care doresc sa conduc\u0103 o ma\u0219in\u0103 cu transmisie automat\u0103 pentru un plus de confort pe toat\u0103 perioada concediului, modelul este unul dintre cele mai potrivite, oferind \u00een plus \u0219i posibilitatea \u00eembarc\u0103rii unor familii mai numeroase.<\/p>\n<p>Pe l\u00e2ng\u0103 confort, un aspect important \u00eel reprezint\u0103 \u0219i siguran\u021ba, de aceea \u00ee\u021bi recomand\u0103m acest model care a trecut numeroase teste \u00een acest sens.<\/p>\n<p>Chiar dac\u0103 este un model destinat \u00een principiu familiei, acest lucru nu se manifest\u0103 \u00een niciun fel \u00een detrimentul performan\u021belor la volan. Ma\u0219ina este dezinfectat\u0103, igienizat\u0103 \u0219i cur\u0103\u021bat\u0103 \u00een detaliu, cu plinul f\u0103cut \u0219i gata de drum oricare ar fi destina\u021bia.<\/p>\n<p>De asemenea, autovehiculul este echipat cu anvelope de sezon. Livrarea se poate face \u021bin\u00e2ndu-se cont de preferin\u021bele tale, fie \u00een Cluj Napoca fie direct la <a href=\"http:\/\/airportcluj.ro\/\" target=\"_blank\" rel=\"noreferrer noopener\">aeroport<\/a>.<\/p>\n<p>&nbsp;<\/p>\n<h4><strong>VOLKSWAGEN TOURAN 2014 AUTOMATIC 2.0 TDCI 140 HP<\/strong><\/h4>\n<ul>\n<li><strong><em>Climatronic<br \/>\n<\/em><\/strong><\/li>\n<li><strong><em>Computer de bord<br \/>\n<\/em><\/strong><\/li>\n<li><strong><em>Pilot automat<br \/>\n<\/em><\/strong><\/li>\n<li><strong><em>Navigatie<br \/>\n<\/em><\/strong><\/li>\n<li><strong><em>Inchidere centralizata<br \/>\n<\/em><\/strong><\/li>\n<li><strong><em>Senzori lumina\/ploaie<br \/>\n<\/em><\/strong><\/li>\n<li><strong><em>Senzori parcare<br \/>\n<\/em><\/strong><\/li>\n<li><strong><em>Comenzi pe volan<br \/>\n<\/em><\/strong><\/li>\n<li><strong><em>ABS\/ESP<br \/>\n<\/em><\/strong><\/li>\n<li><strong><em>Geamuri si oglinzi electrice<\/em><\/strong><\/li>\n<\/ul>\n<p>&nbsp;<\/p>\n<p>Rezerv\u0103 online sau telefonic!<\/p>\n<p>&nbsp;<\/p>\n<p><a href=\"https:\/\/arcrentacar.ro\/masini\/inchirieri-masini-de-familie-cluj-napoca-volkswagen-touran\/\" target=\"_blank\" rel=\"noopener\">Vezi \u0219i <strong>VOLKSWAGEN TOURAN 2015 1.6 TDI 105 HP<\/strong>\u00a0<\/a><\/p>\n<p><a href=\"tel:+40 (745) 553 854\" target=\"_blank\" rel=\"noreferrer noopener\">SUN\u0102 ACUM!\u00a0<strong>+40 (745) 553 854<\/strong><\/a><\/p>\n<p><strong>\u00cenapoi la\u00a0<a href=\"https:\/\/arcrentacar.ro\/cars\/\" target=\"_blank\" rel=\"noreferrer noopener\">OFERTE DE \u00ceNCHIRIAT<\/a><\/strong><\/p>\n<p><strong><a href=\"http:\/\/airportcluj.ro\/\" target=\"_blank\" rel=\"noreferrer noopener\">AEROPORTUL INTERNA\u021aIONAL AVRAM IANCU CLUJ<\/a><\/strong><\/p>\n","protected":false},"excerpt":{"rendered":"<p>\u00eenchirieri auto 7 locuri Cluj | Volkswagen Touran AUTOMATIC\u00a0 &nbsp; Deoarece ofer\u0103 un spa\u021biu generos at\u00e2t de depozitare c\u00e2t \u0219i pentru pasageri, plus cele 2 locuri suplimentare, Volkswagen Touran automatic 2014, devine un model perfect de accesat atunci c\u00e2nd pl\u0103nuie\u0219ti o vacan\u021b\u0103 cu \u00eentreaga familie ori cu prietenii. &nbsp; \u00eenchirieri auto 7 locuri Cluj &nbsp; [&hellip;]<\/p>\n","protected":false},"featured_media":2662,"comment_status":"closed","ping_status":"closed","template":"","meta":[],"product_brand":[],"product_cat":[101],"product_tag":[113],"class_list":{"0":"post-3522","1":"product","2":"type-product","3":"status-publish","4":"has-post-thumbnail","6":"product_cat-van-en-2","7":"product_tag-inchirieri-auto-7-locuri-en","9":"first","10":"instock","11":"shipping-taxable","12":"product-type-redq_rental"},"yoast_head":"<!-- This site is optimized with the Yoast SEO plugin v27.4 - https:\/\/yoast.com\/product\/yoast-seo-wordpress\/ -->\n<title>Inchirieri Auto 7 Locuri Cluj \u25b7 ArcRentACar<\/title>\n<meta name=\"description\" content=\"\u00cenchirieri auto 7 locuri Cluj pentru atunci c\u00e2nd pl\u0103nuie\u0219ti o vacan\u021b\u0103 cu \u00eentreaga familie ori cu prietenii. Rezerv\u0103 telefonic sau online!\" \/>\n<meta name=\"robots\" content=\"index, follow, max-snippet:-1, max-image-preview:large, max-video-preview:-1\" \/>\n<link rel=\"canonical\" href=\"https:\/\/arcrentacar.ro\/en\/masini\/inchirieri-auto-7-locuri-cluj-volkswagen-touran\/\" \/>\n<meta property=\"og:locale\" content=\"en_US\" \/>\n<meta property=\"og:type\" content=\"article\" \/>\n<meta property=\"og:title\" content=\"VOLKSWAGEN TOURAN 2014 AUTOMATIC 2.0 TDCI 140 HP - Arc Drive \u00cenchirieri auto 7 locuri Cluj\" \/>\n<meta property=\"og:description\" content=\"\u00cenchirieri auto 7 locuri Cluj pentru atunci c\u00e2nd pl\u0103nuie\u0219ti o vacan\u021b\u0103 cu \u00eentreaga familie ori cu prietenii. Rezerv\u0103 telefonic sau online!\" \/>\n<meta property=\"og:url\" content=\"https:\/\/arcrentacar.ro\/en\/masini\/inchirieri-auto-7-locuri-cluj-volkswagen-touran\/\" \/>\n<meta property=\"og:site_name\" content=\"Arc Drive\" \/>\n<meta property=\"article:publisher\" content=\"https:\/\/www.facebook.com\/arcdriverentacar\" \/>\n<meta property=\"article:modified_time\" content=\"2023-01-12T15:50:24+00:00\" \/>\n<meta property=\"og:image\" content=\"https:\/\/arcrentacar.ro\/wp-content\/uploads\/2021\/05\/rent-a-car-cluj-napoca-arc-drive-masina-de-inchiriat-cluj-napoca-149.jpg\" \/>\n<meta name=\"twitter:card\" content=\"summary_large_image\" \/>\n<meta name=\"twitter:label1\" content=\"Est. reading time\" \/>\n\t<meta name=\"twitter:data1\" content=\"1 minute\" \/>\n<script type=\"application\/ld+json\" class=\"yoast-schema-graph\">{\"@context\":\"https:\\\/\\\/schema.org\",\"@graph\":[{\"@type\":\"WebPage\",\"@id\":\"https:\\\/\\\/arcrentacar.ro\\\/en\\\/masini\\\/inchirieri-auto-7-locuri-cluj-volkswagen-touran\\\/\",\"url\":\"https:\\\/\\\/arcrentacar.ro\\\/en\\\/masini\\\/inchirieri-auto-7-locuri-cluj-volkswagen-touran\\\/\",\"name\":\"Inchirieri Auto 7 Locuri Cluj \u25b7 ArcRentACar\",\"isPartOf\":{\"@id\":\"https:\\\/\\\/arcrentacar.ro\\\/en\\\/#website\"},\"primaryImageOfPage\":{\"@id\":\"https:\\\/\\\/arcrentacar.ro\\\/en\\\/masini\\\/inchirieri-auto-7-locuri-cluj-volkswagen-touran\\\/#primaryimage\"},\"image\":{\"@id\":\"https:\\\/\\\/arcrentacar.ro\\\/en\\\/masini\\\/inchirieri-auto-7-locuri-cluj-volkswagen-touran\\\/#primaryimage\"},\"thumbnailUrl\":\"https:\\\/\\\/arcrentacar.ro\\\/wp-content\\\/uploads\\\/2021\\\/05\\\/rent-a-car-cluj-napoca-arc-drive-masina-de-inchiriat-cluj-napoca-149.jpg\",\"datePublished\":\"2021-05-12T08:50:05+00:00\",\"dateModified\":\"2023-01-12T15:50:24+00:00\",\"description\":\"\u00cenchirieri auto 7 locuri Cluj pentru atunci c\u00e2nd pl\u0103nuie\u0219ti o vacan\u021b\u0103 cu \u00eentreaga familie ori cu prietenii. Rezerv\u0103 telefonic sau online!\",\"breadcrumb\":{\"@id\":\"https:\\\/\\\/arcrentacar.ro\\\/en\\\/masini\\\/inchirieri-auto-7-locuri-cluj-volkswagen-touran\\\/#breadcrumb\"},\"inLanguage\":\"en-US\",\"potentialAction\":[{\"@type\":\"ReadAction\",\"target\":[\"https:\\\/\\\/arcrentacar.ro\\\/en\\\/masini\\\/inchirieri-auto-7-locuri-cluj-volkswagen-touran\\\/\"]}]},{\"@type\":\"ImageObject\",\"inLanguage\":\"en-US\",\"@id\":\"https:\\\/\\\/arcrentacar.ro\\\/en\\\/masini\\\/inchirieri-auto-7-locuri-cluj-volkswagen-touran\\\/#primaryimage\",\"url\":\"https:\\\/\\\/arcrentacar.ro\\\/wp-content\\\/uploads\\\/2021\\\/05\\\/rent-a-car-cluj-napoca-arc-drive-masina-de-inchiriat-cluj-napoca-149.jpg\",\"contentUrl\":\"https:\\\/\\\/arcrentacar.ro\\\/wp-content\\\/uploads\\\/2021\\\/05\\\/rent-a-car-cluj-napoca-arc-drive-masina-de-inchiriat-cluj-napoca-149.jpg\",\"width\":900,\"height\":601,\"caption\":\"\u00eenchirieri auto 7 locuri Cluj\"},{\"@type\":\"BreadcrumbList\",\"@id\":\"https:\\\/\\\/arcrentacar.ro\\\/en\\\/masini\\\/inchirieri-auto-7-locuri-cluj-volkswagen-touran\\\/#breadcrumb\",\"itemListElement\":[{\"@type\":\"ListItem\",\"position\":1,\"name\":\"Prima pagin\u0103\",\"item\":\"https:\\\/\\\/arcrentacar.ro\\\/en\\\/\"},{\"@type\":\"ListItem\",\"position\":2,\"name\":\"Flota auto\",\"item\":\"https:\\\/\\\/arcrentacar.ro\\\/flota-auto\\\/\"},{\"@type\":\"ListItem\",\"position\":3,\"name\":\"VOLKSWAGEN TOURAN 2014 AUTOMATIC 2.0 TDCI 140 HP\"}]},{\"@type\":\"WebSite\",\"@id\":\"https:\\\/\\\/arcrentacar.ro\\\/en\\\/#website\",\"url\":\"https:\\\/\\\/arcrentacar.ro\\\/en\\\/\",\"name\":\"Arc Drive\",\"description\":\"Life is a journey, enjoy the ride!\",\"publisher\":{\"@id\":\"https:\\\/\\\/arcrentacar.ro\\\/en\\\/#organization\"},\"potentialAction\":[{\"@type\":\"SearchAction\",\"target\":{\"@type\":\"EntryPoint\",\"urlTemplate\":\"https:\\\/\\\/arcrentacar.ro\\\/en\\\/?s={search_term_string}\"},\"query-input\":{\"@type\":\"PropertyValueSpecification\",\"valueRequired\":true,\"valueName\":\"search_term_string\"}}],\"inLanguage\":\"en-US\"},{\"@type\":\"Organization\",\"@id\":\"https:\\\/\\\/arcrentacar.ro\\\/en\\\/#organization\",\"name\":\"Arc Drive\",\"url\":\"https:\\\/\\\/arcrentacar.ro\\\/en\\\/\",\"logo\":{\"@type\":\"ImageObject\",\"inLanguage\":\"en-US\",\"@id\":\"https:\\\/\\\/arcrentacar.ro\\\/en\\\/#\\\/schema\\\/logo\\\/image\\\/\",\"url\":\"https:\\\/\\\/arcrentacar.ro\\\/wp-content\\\/uploads\\\/2021\\\/05\\\/cropped-cropped-logo.png\",\"contentUrl\":\"https:\\\/\\\/arcrentacar.ro\\\/wp-content\\\/uploads\\\/2021\\\/05\\\/cropped-cropped-logo.png\",\"width\":1303,\"height\":303,\"caption\":\"Arc Drive\"},\"image\":{\"@id\":\"https:\\\/\\\/arcrentacar.ro\\\/en\\\/#\\\/schema\\\/logo\\\/image\\\/\"},\"sameAs\":[\"https:\\\/\\\/www.facebook.com\\\/arcdriverentacar\"]}]}<\/script>\n<!-- \/ Yoast SEO plugin. -->","yoast_head_json":{"title":"Inchirieri Auto 7 Locuri Cluj \u25b7 ArcRentACar","description":"\u00cenchirieri auto 7 locuri Cluj pentru atunci c\u00e2nd pl\u0103nuie\u0219ti o vacan\u021b\u0103 cu \u00eentreaga familie ori cu prietenii. Rezerv\u0103 telefonic sau online!","robots":{"index":"index","follow":"follow","max-snippet":"max-snippet:-1","max-image-preview":"max-image-preview:large","max-video-preview":"max-video-preview:-1"},"canonical":"https:\/\/arcrentacar.ro\/en\/masini\/inchirieri-auto-7-locuri-cluj-volkswagen-touran\/","og_locale":"en_US","og_type":"article","og_title":"VOLKSWAGEN TOURAN 2014 AUTOMATIC 2.0 TDCI 140 HP - Arc Drive \u00cenchirieri auto 7 locuri Cluj","og_description":"\u00cenchirieri auto 7 locuri Cluj pentru atunci c\u00e2nd pl\u0103nuie\u0219ti o vacan\u021b\u0103 cu \u00eentreaga familie ori cu prietenii. Rezerv\u0103 telefonic sau online!","og_url":"https:\/\/arcrentacar.ro\/en\/masini\/inchirieri-auto-7-locuri-cluj-volkswagen-touran\/","og_site_name":"Arc Drive","article_publisher":"https:\/\/www.facebook.com\/arcdriverentacar","article_modified_time":"2023-01-12T15:50:24+00:00","og_image":[{"url":"https:\/\/arcrentacar.ro\/wp-content\/uploads\/2021\/05\/rent-a-car-cluj-napoca-arc-drive-masina-de-inchiriat-cluj-napoca-149.jpg","type":"","width":"","height":""}],"twitter_card":"summary_large_image","twitter_misc":{"Est. reading time":"1 minute"},"schema":{"@context":"https:\/\/schema.org","@graph":[{"@type":"WebPage","@id":"https:\/\/arcrentacar.ro\/en\/masini\/inchirieri-auto-7-locuri-cluj-volkswagen-touran\/","url":"https:\/\/arcrentacar.ro\/en\/masini\/inchirieri-auto-7-locuri-cluj-volkswagen-touran\/","name":"Inchirieri Auto 7 Locuri Cluj \u25b7 ArcRentACar","isPartOf":{"@id":"https:\/\/arcrentacar.ro\/en\/#website"},"primaryImageOfPage":{"@id":"https:\/\/arcrentacar.ro\/en\/masini\/inchirieri-auto-7-locuri-cluj-volkswagen-touran\/#primaryimage"},"image":{"@id":"https:\/\/arcrentacar.ro\/en\/masini\/inchirieri-auto-7-locuri-cluj-volkswagen-touran\/#primaryimage"},"thumbnailUrl":"https:\/\/arcrentacar.ro\/wp-content\/uploads\/2021\/05\/rent-a-car-cluj-napoca-arc-drive-masina-de-inchiriat-cluj-napoca-149.jpg","datePublished":"2021-05-12T08:50:05+00:00","dateModified":"2023-01-12T15:50:24+00:00","description":"\u00cenchirieri auto 7 locuri Cluj pentru atunci c\u00e2nd pl\u0103nuie\u0219ti o vacan\u021b\u0103 cu \u00eentreaga familie ori cu prietenii. Rezerv\u0103 telefonic sau online!","breadcrumb":{"@id":"https:\/\/arcrentacar.ro\/en\/masini\/inchirieri-auto-7-locuri-cluj-volkswagen-touran\/#breadcrumb"},"inLanguage":"en-US","potentialAction":[{"@type":"ReadAction","target":["https:\/\/arcrentacar.ro\/en\/masini\/inchirieri-auto-7-locuri-cluj-volkswagen-touran\/"]}]},{"@type":"ImageObject","inLanguage":"en-US","@id":"https:\/\/arcrentacar.ro\/en\/masini\/inchirieri-auto-7-locuri-cluj-volkswagen-touran\/#primaryimage","url":"https:\/\/arcrentacar.ro\/wp-content\/uploads\/2021\/05\/rent-a-car-cluj-napoca-arc-drive-masina-de-inchiriat-cluj-napoca-149.jpg","contentUrl":"https:\/\/arcrentacar.ro\/wp-content\/uploads\/2021\/05\/rent-a-car-cluj-napoca-arc-drive-masina-de-inchiriat-cluj-napoca-149.jpg","width":900,"height":601,"caption":"\u00eenchirieri auto 7 locuri Cluj"},{"@type":"BreadcrumbList","@id":"https:\/\/arcrentacar.ro\/en\/masini\/inchirieri-auto-7-locuri-cluj-volkswagen-touran\/#breadcrumb","itemListElement":[{"@type":"ListItem","position":1,"name":"Prima pagin\u0103","item":"https:\/\/arcrentacar.ro\/en\/"},{"@type":"ListItem","position":2,"name":"Flota auto","item":"https:\/\/arcrentacar.ro\/flota-auto\/"},{"@type":"ListItem","position":3,"name":"VOLKSWAGEN TOURAN 2014 AUTOMATIC 2.0 TDCI 140 HP"}]},{"@type":"WebSite","@id":"https:\/\/arcrentacar.ro\/en\/#website","url":"https:\/\/arcrentacar.ro\/en\/","name":"Arc Drive","description":"Life is a journey, enjoy the ride!","publisher":{"@id":"https:\/\/arcrentacar.ro\/en\/#organization"},"potentialAction":[{"@type":"SearchAction","target":{"@type":"EntryPoint","urlTemplate":"https:\/\/arcrentacar.ro\/en\/?s={search_term_string}"},"query-input":{"@type":"PropertyValueSpecification","valueRequired":true,"valueName":"search_term_string"}}],"inLanguage":"en-US"},{"@type":"Organization","@id":"https:\/\/arcrentacar.ro\/en\/#organization","name":"Arc Drive","url":"https:\/\/arcrentacar.ro\/en\/","logo":{"@type":"ImageObject","inLanguage":"en-US","@id":"https:\/\/arcrentacar.ro\/en\/#\/schema\/logo\/image\/","url":"https:\/\/arcrentacar.ro\/wp-content\/uploads\/2021\/05\/cropped-cropped-logo.png","contentUrl":"https:\/\/arcrentacar.ro\/wp-content\/uploads\/2021\/05\/cropped-cropped-logo.png","width":1303,"height":303,"caption":"Arc Drive"},"image":{"@id":"https:\/\/arcrentacar.ro\/en\/#\/schema\/logo\/image\/"},"sameAs":["https:\/\/www.facebook.com\/arcdriverentacar"]}]}},"_links":{"self":[{"href":"https:\/\/arcrentacar.ro\/en\/wp-json\/wp\/v2\/product\/3522","targetHints":{"allow":["GET"]}}],"collection":[{"href":"https:\/\/arcrentacar.ro\/en\/wp-json\/wp\/v2\/product"}],"about":[{"href":"https:\/\/arcrentacar.ro\/en\/wp-json\/wp\/v2\/types\/product"}],"replies":[{"embeddable":true,"href":"https:\/\/arcrentacar.ro\/en\/wp-json\/wp\/v2\/comments?post=3522"}],"wp:featuredmedia":[{"embeddable":true,"href":"https:\/\/arcrentacar.ro\/en\/wp-json\/wp\/v2\/media\/2662"}],"wp:attachment":[{"href":"https:\/\/arcrentacar.ro\/en\/wp-json\/wp\/v2\/media?parent=3522"}],"wp:term":[{"taxonomy":"product_brand","embeddable":true,"href":"https:\/\/arcrentacar.ro\/en\/wp-json\/wp\/v2\/product_brand?post=3522"},{"taxonomy":"product_cat","embeddable":true,"href":"https:\/\/arcrentacar.ro\/en\/wp-json\/wp\/v2\/product_cat?post=3522"},{"taxonomy":"product_tag","embeddable":true,"href":"https:\/\/arcrentacar.ro\/en\/wp-json\/wp\/v2\/product_tag?post=3522"}],"curies":[{"name":"wp","href":"https:\/\/api.w.org\/{rel}","templated":true}]}}