{"id":3523,"date":"2021-05-12T11:45:42","date_gmt":"2021-05-12T08:45:42","guid":{"rendered":"https:\/\/arcrentacar.ro\/masini\/inchirieri-masini-de-familie-cluj-napoca-volkswagen-touran\/"},"modified":"2023-01-12T17:50:45","modified_gmt":"2023-01-12T15:50:45","slug":"inchirieri-masini-de-familie-cluj-napoca-volkswagen-touran","status":"publish","type":"product","link":"https:\/\/arcrentacar.ro\/en\/masini\/inchirieri-masini-de-familie-cluj-napoca-volkswagen-touran\/","title":{"rendered":"VOLKSWAGEN TOURAN 2015 1.6 TDI 105 HP"},"content":{"rendered":"<p><em>\u00cenchirieri ma\u0219ini de familie Cluj Napoca | Volkswagen Touran\u00a0<\/em><\/p>\n<p>&nbsp;<\/p>\n<p>Un model perfect pentru c\u0103l\u0103toriile cu familia.<\/p>\n<p>Dac\u0103 e\u0219ti \u00een c\u0103utarea unui model care s\u0103-\u021bi ofere un spa\u021biu generos \u0219i desigur siguran\u021b\u0103 pentru familia ta, acesta este modelul pe care \u021bi-l recomand\u0103m.<\/p>\n<p>Ofer\u0103 un sistemul multimedia cu touchscreen capacitiv de 8 inci compatibil cu noile standarde Google Android Auto \u0219i Apple Car Play.<\/p>\n<p>&nbsp;<\/p>\n<p>inchirieri masini de familie Cluj Napoca | Volkswagen Touran<br \/>\n<img fetchpriority=\"high\" decoding=\"async\" class=\"alignnone wp-image-215 size-medium\" src=\"https:\/\/arcrentacar.ro\/wp-content\/uploads\/2021\/05\/rent-a-car-cluj-napoca-arc-drive-masina-de-inchiriat-cluj-napoca-28-300x200.jpg\" alt=\"\u00cenchirieri ma\u0219ini de familie Cluj Napoca | Volkswagen Touran\u00a0\" width=\"300\" height=\"200\" srcset=\"https:\/\/arcrentacar.ro\/wp-content\/uploads\/2021\/05\/rent-a-car-cluj-napoca-arc-drive-masina-de-inchiriat-cluj-napoca-28-300x200.jpg 300w, https:\/\/arcrentacar.ro\/wp-content\/uploads\/2021\/05\/rent-a-car-cluj-napoca-arc-drive-masina-de-inchiriat-cluj-napoca-28-600x401.jpg 600w, https:\/\/arcrentacar.ro\/wp-content\/uploads\/2021\/05\/rent-a-car-cluj-napoca-arc-drive-masina-de-inchiriat-cluj-napoca-28-768x513.jpg 768w, https:\/\/arcrentacar.ro\/wp-content\/uploads\/2021\/05\/rent-a-car-cluj-napoca-arc-drive-masina-de-inchiriat-cluj-napoca-28.jpg 900w\" sizes=\"(max-width: 300px) 100vw, 300px\" \/><\/p>\n<p>&nbsp;<\/p>\n<p>Este echipat cu pilot automat adaptiv cu un istemul ce men\u0163ine distan\u0163a prestabilit\u0103 fa\u0163\u0103 de vehiculul din fa\u0163\u0103, fiind completat de sistemul pre-crash, de preg\u0103tire a pasagerilor pentru un impact. \u00cen plus are func\u021bia de alertare automat\u0103 a echipelor de interven\u0163ie \u00een cazul unui accident.<\/p>\n<p>&nbsp;<\/p>\n<p>Siguran\u021b\u0103 \u0219i confort pentru familia ta!<\/p>\n<p>&nbsp;<\/p>\n<h4>VOLKSWAGEN TOURAN 2015 1.6 TDI 105 HP<\/h4>\n<ul>\n<li><strong><em>Dublu Climatronic<br \/>\n<\/em><\/strong><\/li>\n<li><strong><em>Computer de bord<br \/>\n<\/em><\/strong><\/li>\n<li><strong><em>Pilot automat<br \/>\n<\/em><\/strong><\/li>\n<li><strong><em>Navigatie<br \/>\n<\/em><\/strong><\/li>\n<li><strong><em>Inchidere centralizata<br \/>\n<\/em><\/strong><\/li>\n<li><strong><em>ABS\/ESP<br \/>\n<\/em><\/strong><\/li>\n<li><strong><em>Geamuri si oglinzi electrice<br \/>\n<\/em><\/strong><\/li>\n<li><strong><em>Comenzi pe volan<\/em><\/strong><\/li>\n<\/ul>\n<p>&nbsp;<\/p>\n<p>Rezerv\u0103 online sau telefonic!<\/p>\n<p>&nbsp;<\/p>\n<p><a href=\"https:\/\/arcrentacar.ro\/masini\/inchirieri-auto-7-locuri-cluj-volkswagen-touran\/\" target=\"_blank\" rel=\"noopener\"><strong>Vezi \u0219i VOLKSWAGEN TOURAN 2014 AUTOMATIC 2.0 TDCI 140 HP<\/strong><\/a><\/p>\n<p><a href=\"tel:+40 (745) 553 854\" target=\"_blank\" rel=\"noreferrer noopener\">SUN\u0102 ACUM!\u00a0<strong>+40 (745) 553 854<\/strong><\/a><\/p>\n<p><strong>\u00cenapoi la\u00a0<a href=\"https:\/\/arcrentacar.ro\/cars\/\" target=\"_blank\" rel=\"noreferrer noopener\">OFERTE DE \u00ceNCHIRIAT<\/a><\/strong><\/p>\n<p><strong><a href=\"http:\/\/airportcluj.ro\/\" target=\"_blank\" rel=\"noreferrer noopener\">AEROPORTUL INTERNA\u021aIONAL AVRAM IANCU CLUJ<\/a><\/strong><\/p>\n","protected":false},"excerpt":{"rendered":"<p>\u00cenchirieri ma\u0219ini de familie Cluj Napoca | Volkswagen Touran\u00a0 &nbsp; Un model perfect pentru c\u0103l\u0103toriile cu familia. Dac\u0103 e\u0219ti \u00een c\u0103utarea unui model care s\u0103-\u021bi ofere un spa\u021biu generos \u0219i desigur siguran\u021b\u0103 pentru familia ta, acesta este modelul pe care \u021bi-l recomand\u0103m. Ofer\u0103 un sistemul multimedia cu touchscreen capacitiv de 8 inci compatibil cu noile [&hellip;]<\/p>\n","protected":false},"featured_media":2655,"comment_status":"closed","ping_status":"closed","template":"","meta":[],"product_brand":[],"product_cat":[101],"product_tag":[113],"class_list":{"0":"post-3523","1":"product","2":"type-product","3":"status-publish","4":"has-post-thumbnail","6":"product_cat-van-en-2","7":"product_tag-inchirieri-auto-7-locuri-en","9":"first","10":"instock","11":"shipping-taxable","12":"product-type-redq_rental"},"yoast_head":"<!-- This site is optimized with the Yoast SEO plugin v27.4 - https:\/\/yoast.com\/product\/yoast-seo-wordpress\/ -->\n<title>Inchiriere Volkswagen Touran 2015 1.6 TDI 105 HP \u25b7 ArcRentACar<\/title>\n<meta name=\"description\" content=\"\u00cenchirieri ma\u0219ini de familie Cluj Napoca. Rezerv\u0103 online sau telefonic Volkswagen Touran, un model perfect pentru c\u0103l\u0103toriile cu familia.\" \/>\n<meta name=\"robots\" content=\"index, follow, max-snippet:-1, max-image-preview:large, max-video-preview:-1\" \/>\n<link rel=\"canonical\" href=\"https:\/\/arcrentacar.ro\/en\/masini\/inchirieri-masini-de-familie-cluj-napoca-volkswagen-touran\/\" \/>\n<meta property=\"og:locale\" content=\"en_US\" \/>\n<meta property=\"og:type\" content=\"article\" \/>\n<meta property=\"og:title\" content=\"\u00cenchirieri ma\u0219ini de familie Cluj-Napoca | Volkswagen Touran 2015\" \/>\n<meta property=\"og:description\" content=\"\u00cenchirieri ma\u0219ini de familie Cluj-Napoca. Rezerv\u0103 online Volkswagen Touran 2015. Rent a car Aeroport Cluj-Napoca. F\u0103r\u0103 taxe ascunse\" \/>\n<meta property=\"og:url\" content=\"https:\/\/arcrentacar.ro\/en\/masini\/inchirieri-masini-de-familie-cluj-napoca-volkswagen-touran\/\" \/>\n<meta property=\"og:site_name\" content=\"Arc Drive\" \/>\n<meta property=\"article:publisher\" content=\"https:\/\/www.facebook.com\/arcdriverentacar\" \/>\n<meta property=\"article:modified_time\" content=\"2023-01-12T15:50:45+00:00\" \/>\n<meta property=\"og:image\" content=\"https:\/\/arcrentacar.ro\/wp-content\/uploads\/2021\/05\/rent-a-car-cluj-napoca-arc-drive-masina-de-inchiriat-cluj-napoca-162.jpg\" \/>\n<meta name=\"twitter:card\" content=\"summary_large_image\" \/>\n<meta name=\"twitter:label1\" content=\"Est. reading time\" \/>\n\t<meta name=\"twitter:data1\" content=\"1 minute\" \/>\n<script type=\"application\/ld+json\" class=\"yoast-schema-graph\">{\"@context\":\"https:\\\/\\\/schema.org\",\"@graph\":[{\"@type\":\"WebPage\",\"@id\":\"https:\\\/\\\/arcrentacar.ro\\\/en\\\/masini\\\/inchirieri-masini-de-familie-cluj-napoca-volkswagen-touran\\\/\",\"url\":\"https:\\\/\\\/arcrentacar.ro\\\/en\\\/masini\\\/inchirieri-masini-de-familie-cluj-napoca-volkswagen-touran\\\/\",\"name\":\"Inchiriere Volkswagen Touran 2015 1.6 TDI 105 HP \u25b7 ArcRentACar\",\"isPartOf\":{\"@id\":\"https:\\\/\\\/arcrentacar.ro\\\/en\\\/#website\"},\"primaryImageOfPage\":{\"@id\":\"https:\\\/\\\/arcrentacar.ro\\\/en\\\/masini\\\/inchirieri-masini-de-familie-cluj-napoca-volkswagen-touran\\\/#primaryimage\"},\"image\":{\"@id\":\"https:\\\/\\\/arcrentacar.ro\\\/en\\\/masini\\\/inchirieri-masini-de-familie-cluj-napoca-volkswagen-touran\\\/#primaryimage\"},\"thumbnailUrl\":\"https:\\\/\\\/arcrentacar.ro\\\/wp-content\\\/uploads\\\/2021\\\/05\\\/rent-a-car-cluj-napoca-arc-drive-masina-de-inchiriat-cluj-napoca-162.jpg\",\"datePublished\":\"2021-05-12T08:45:42+00:00\",\"dateModified\":\"2023-01-12T15:50:45+00:00\",\"description\":\"\u00cenchirieri ma\u0219ini de familie Cluj Napoca. Rezerv\u0103 online sau telefonic Volkswagen Touran, un model perfect pentru c\u0103l\u0103toriile cu familia.\",\"breadcrumb\":{\"@id\":\"https:\\\/\\\/arcrentacar.ro\\\/en\\\/masini\\\/inchirieri-masini-de-familie-cluj-napoca-volkswagen-touran\\\/#breadcrumb\"},\"inLanguage\":\"en-US\",\"potentialAction\":[{\"@type\":\"ReadAction\",\"target\":[\"https:\\\/\\\/arcrentacar.ro\\\/en\\\/masini\\\/inchirieri-masini-de-familie-cluj-napoca-volkswagen-touran\\\/\"]}]},{\"@type\":\"ImageObject\",\"inLanguage\":\"en-US\",\"@id\":\"https:\\\/\\\/arcrentacar.ro\\\/en\\\/masini\\\/inchirieri-masini-de-familie-cluj-napoca-volkswagen-touran\\\/#primaryimage\",\"url\":\"https:\\\/\\\/arcrentacar.ro\\\/wp-content\\\/uploads\\\/2021\\\/05\\\/rent-a-car-cluj-napoca-arc-drive-masina-de-inchiriat-cluj-napoca-162.jpg\",\"contentUrl\":\"https:\\\/\\\/arcrentacar.ro\\\/wp-content\\\/uploads\\\/2021\\\/05\\\/rent-a-car-cluj-napoca-arc-drive-masina-de-inchiriat-cluj-napoca-162.jpg\",\"width\":900,\"height\":601,\"caption\":\"\u00cenchirieri ma\u0219ini de familie Cluj Napoca | Volkswagen Touran\u00a0\"},{\"@type\":\"BreadcrumbList\",\"@id\":\"https:\\\/\\\/arcrentacar.ro\\\/en\\\/masini\\\/inchirieri-masini-de-familie-cluj-napoca-volkswagen-touran\\\/#breadcrumb\",\"itemListElement\":[{\"@type\":\"ListItem\",\"position\":1,\"name\":\"Prima pagin\u0103\",\"item\":\"https:\\\/\\\/arcrentacar.ro\\\/en\\\/\"},{\"@type\":\"ListItem\",\"position\":2,\"name\":\"Flota auto\",\"item\":\"https:\\\/\\\/arcrentacar.ro\\\/flota-auto\\\/\"},{\"@type\":\"ListItem\",\"position\":3,\"name\":\"VOLKSWAGEN TOURAN 2015 1.6 TDI 105 HP\"}]},{\"@type\":\"WebSite\",\"@id\":\"https:\\\/\\\/arcrentacar.ro\\\/en\\\/#website\",\"url\":\"https:\\\/\\\/arcrentacar.ro\\\/en\\\/\",\"name\":\"Arc Drive\",\"description\":\"Life is a journey, enjoy the ride!\",\"publisher\":{\"@id\":\"https:\\\/\\\/arcrentacar.ro\\\/en\\\/#organization\"},\"potentialAction\":[{\"@type\":\"SearchAction\",\"target\":{\"@type\":\"EntryPoint\",\"urlTemplate\":\"https:\\\/\\\/arcrentacar.ro\\\/en\\\/?s={search_term_string}\"},\"query-input\":{\"@type\":\"PropertyValueSpecification\",\"valueRequired\":true,\"valueName\":\"search_term_string\"}}],\"inLanguage\":\"en-US\"},{\"@type\":\"Organization\",\"@id\":\"https:\\\/\\\/arcrentacar.ro\\\/en\\\/#organization\",\"name\":\"Arc Drive\",\"url\":\"https:\\\/\\\/arcrentacar.ro\\\/en\\\/\",\"logo\":{\"@type\":\"ImageObject\",\"inLanguage\":\"en-US\",\"@id\":\"https:\\\/\\\/arcrentacar.ro\\\/en\\\/#\\\/schema\\\/logo\\\/image\\\/\",\"url\":\"https:\\\/\\\/arcrentacar.ro\\\/wp-content\\\/uploads\\\/2021\\\/05\\\/cropped-cropped-logo.png\",\"contentUrl\":\"https:\\\/\\\/arcrentacar.ro\\\/wp-content\\\/uploads\\\/2021\\\/05\\\/cropped-cropped-logo.png\",\"width\":1303,\"height\":303,\"caption\":\"Arc Drive\"},\"image\":{\"@id\":\"https:\\\/\\\/arcrentacar.ro\\\/en\\\/#\\\/schema\\\/logo\\\/image\\\/\"},\"sameAs\":[\"https:\\\/\\\/www.facebook.com\\\/arcdriverentacar\"]}]}<\/script>\n<!-- \/ Yoast SEO plugin. -->","yoast_head_json":{"title":"Inchiriere Volkswagen Touran 2015 1.6 TDI 105 HP \u25b7 ArcRentACar","description":"\u00cenchirieri ma\u0219ini de familie Cluj Napoca. Rezerv\u0103 online sau telefonic Volkswagen Touran, un model perfect pentru c\u0103l\u0103toriile cu familia.","robots":{"index":"index","follow":"follow","max-snippet":"max-snippet:-1","max-image-preview":"max-image-preview:large","max-video-preview":"max-video-preview:-1"},"canonical":"https:\/\/arcrentacar.ro\/en\/masini\/inchirieri-masini-de-familie-cluj-napoca-volkswagen-touran\/","og_locale":"en_US","og_type":"article","og_title":"\u00cenchirieri ma\u0219ini de familie Cluj-Napoca | Volkswagen Touran 2015","og_description":"\u00cenchirieri ma\u0219ini de familie Cluj-Napoca. Rezerv\u0103 online Volkswagen Touran 2015. Rent a car Aeroport Cluj-Napoca. F\u0103r\u0103 taxe ascunse","og_url":"https:\/\/arcrentacar.ro\/en\/masini\/inchirieri-masini-de-familie-cluj-napoca-volkswagen-touran\/","og_site_name":"Arc Drive","article_publisher":"https:\/\/www.facebook.com\/arcdriverentacar","article_modified_time":"2023-01-12T15:50:45+00:00","og_image":[{"url":"https:\/\/arcrentacar.ro\/wp-content\/uploads\/2021\/05\/rent-a-car-cluj-napoca-arc-drive-masina-de-inchiriat-cluj-napoca-162.jpg","type":"","width":"","height":""}],"twitter_card":"summary_large_image","twitter_misc":{"Est. reading time":"1 minute"},"schema":{"@context":"https:\/\/schema.org","@graph":[{"@type":"WebPage","@id":"https:\/\/arcrentacar.ro\/en\/masini\/inchirieri-masini-de-familie-cluj-napoca-volkswagen-touran\/","url":"https:\/\/arcrentacar.ro\/en\/masini\/inchirieri-masini-de-familie-cluj-napoca-volkswagen-touran\/","name":"Inchiriere Volkswagen Touran 2015 1.6 TDI 105 HP \u25b7 ArcRentACar","isPartOf":{"@id":"https:\/\/arcrentacar.ro\/en\/#website"},"primaryImageOfPage":{"@id":"https:\/\/arcrentacar.ro\/en\/masini\/inchirieri-masini-de-familie-cluj-napoca-volkswagen-touran\/#primaryimage"},"image":{"@id":"https:\/\/arcrentacar.ro\/en\/masini\/inchirieri-masini-de-familie-cluj-napoca-volkswagen-touran\/#primaryimage"},"thumbnailUrl":"https:\/\/arcrentacar.ro\/wp-content\/uploads\/2021\/05\/rent-a-car-cluj-napoca-arc-drive-masina-de-inchiriat-cluj-napoca-162.jpg","datePublished":"2021-05-12T08:45:42+00:00","dateModified":"2023-01-12T15:50:45+00:00","description":"\u00cenchirieri ma\u0219ini de familie Cluj Napoca. Rezerv\u0103 online sau telefonic Volkswagen Touran, un model perfect pentru c\u0103l\u0103toriile cu familia.","breadcrumb":{"@id":"https:\/\/arcrentacar.ro\/en\/masini\/inchirieri-masini-de-familie-cluj-napoca-volkswagen-touran\/#breadcrumb"},"inLanguage":"en-US","potentialAction":[{"@type":"ReadAction","target":["https:\/\/arcrentacar.ro\/en\/masini\/inchirieri-masini-de-familie-cluj-napoca-volkswagen-touran\/"]}]},{"@type":"ImageObject","inLanguage":"en-US","@id":"https:\/\/arcrentacar.ro\/en\/masini\/inchirieri-masini-de-familie-cluj-napoca-volkswagen-touran\/#primaryimage","url":"https:\/\/arcrentacar.ro\/wp-content\/uploads\/2021\/05\/rent-a-car-cluj-napoca-arc-drive-masina-de-inchiriat-cluj-napoca-162.jpg","contentUrl":"https:\/\/arcrentacar.ro\/wp-content\/uploads\/2021\/05\/rent-a-car-cluj-napoca-arc-drive-masina-de-inchiriat-cluj-napoca-162.jpg","width":900,"height":601,"caption":"\u00cenchirieri ma\u0219ini de familie Cluj Napoca | Volkswagen Touran\u00a0"},{"@type":"BreadcrumbList","@id":"https:\/\/arcrentacar.ro\/en\/masini\/inchirieri-masini-de-familie-cluj-napoca-volkswagen-touran\/#breadcrumb","itemListElement":[{"@type":"ListItem","position":1,"name":"Prima pagin\u0103","item":"https:\/\/arcrentacar.ro\/en\/"},{"@type":"ListItem","position":2,"name":"Flota auto","item":"https:\/\/arcrentacar.ro\/flota-auto\/"},{"@type":"ListItem","position":3,"name":"VOLKSWAGEN TOURAN 2015 1.6 TDI 105 HP"}]},{"@type":"WebSite","@id":"https:\/\/arcrentacar.ro\/en\/#website","url":"https:\/\/arcrentacar.ro\/en\/","name":"Arc Drive","description":"Life is a journey, enjoy the ride!","publisher":{"@id":"https:\/\/arcrentacar.ro\/en\/#organization"},"potentialAction":[{"@type":"SearchAction","target":{"@type":"EntryPoint","urlTemplate":"https:\/\/arcrentacar.ro\/en\/?s={search_term_string}"},"query-input":{"@type":"PropertyValueSpecification","valueRequired":true,"valueName":"search_term_string"}}],"inLanguage":"en-US"},{"@type":"Organization","@id":"https:\/\/arcrentacar.ro\/en\/#organization","name":"Arc Drive","url":"https:\/\/arcrentacar.ro\/en\/","logo":{"@type":"ImageObject","inLanguage":"en-US","@id":"https:\/\/arcrentacar.ro\/en\/#\/schema\/logo\/image\/","url":"https:\/\/arcrentacar.ro\/wp-content\/uploads\/2021\/05\/cropped-cropped-logo.png","contentUrl":"https:\/\/arcrentacar.ro\/wp-content\/uploads\/2021\/05\/cropped-cropped-logo.png","width":1303,"height":303,"caption":"Arc Drive"},"image":{"@id":"https:\/\/arcrentacar.ro\/en\/#\/schema\/logo\/image\/"},"sameAs":["https:\/\/www.facebook.com\/arcdriverentacar"]}]}},"_links":{"self":[{"href":"https:\/\/arcrentacar.ro\/en\/wp-json\/wp\/v2\/product\/3523","targetHints":{"allow":["GET"]}}],"collection":[{"href":"https:\/\/arcrentacar.ro\/en\/wp-json\/wp\/v2\/product"}],"about":[{"href":"https:\/\/arcrentacar.ro\/en\/wp-json\/wp\/v2\/types\/product"}],"replies":[{"embeddable":true,"href":"https:\/\/arcrentacar.ro\/en\/wp-json\/wp\/v2\/comments?post=3523"}],"wp:featuredmedia":[{"embeddable":true,"href":"https:\/\/arcrentacar.ro\/en\/wp-json\/wp\/v2\/media\/2655"}],"wp:attachment":[{"href":"https:\/\/arcrentacar.ro\/en\/wp-json\/wp\/v2\/media?parent=3523"}],"wp:term":[{"taxonomy":"product_brand","embeddable":true,"href":"https:\/\/arcrentacar.ro\/en\/wp-json\/wp\/v2\/product_brand?post=3523"},{"taxonomy":"product_cat","embeddable":true,"href":"https:\/\/arcrentacar.ro\/en\/wp-json\/wp\/v2\/product_cat?post=3523"},{"taxonomy":"product_tag","embeddable":true,"href":"https:\/\/arcrentacar.ro\/en\/wp-json\/wp\/v2\/product_tag?post=3523"}],"curies":[{"name":"wp","href":"https:\/\/api.w.org\/{rel}","templated":true}]}}