{"id":3535,"date":"2021-05-11T15:04:21","date_gmt":"2021-05-11T12:04:21","guid":{"rendered":"https:\/\/arcrentacar.ro\/masini\/inchirieri-masini-in-cluj-napoca-ford-focus-trent\/"},"modified":"2021-05-11T15:04:21","modified_gmt":"2021-05-11T12:04:21","slug":"inchirieri-masini-in-cluj-napoca-ford-focus-trent","status":"publish","type":"product","link":"https:\/\/arcrentacar.ro\/en\/masini\/inchirieri-masini-in-cluj-napoca-ford-focus-trent\/","title":{"rendered":"FORD FOCUS TRENT 2017, 1.5 ECOBOOST 150 HP"},"content":{"rendered":"<p>inchirieri masini in Cluj Napoca<\/p>\n<p>&nbsp;<\/p>\n<p>De fiecare dat\u0103 c\u00e2nd ne \u00eentreb\u0103m clien\u021bii cum a fost experien\u021ba cu acest model ni se r\u0103spunde \u201ewow\u201d.<\/p>\n<p>Detaliile care ies \u00een eviden\u021b\u0103 sunt: Direc\u021bia. Aceasta este una dintre cele mai bune direc\u021bii electrice. Volanul se mi\u0219c\u0103 u\u0219or, este moale \u0219i foarte facil de manevrat la parc\u0103ri sau prin aglomera\u021bie.<\/p>\n<p>Un alt punct excelent al felului \u00een care se conduce ma\u0219ina sunt fr\u00e2nele. Sistemul de fr\u00e2nare este excelent.<\/p>\n<p>Modelul ofer\u0103 un spa\u021biu generos la interior \u0219i o experien\u021b\u0103 pl\u0103cut\u0103 la volan at\u00e2t urban c\u00e2t \u0219i extraurban, cu un consum redus de carburant.<\/p>\n<p>Pe l\u00e2ng\u0103 toate acestea are o cutie cu \u0219ase trepte care schimb\u0103 lin \u0219i rafinat. Ce putem s\u0103 mai spunem? Este perfect\u0103 pentru orice c\u0103l\u0103torie.<\/p>\n<p>&nbsp;<\/p>\n<p><img fetchpriority=\"high\" decoding=\"async\" class=\"alignnone wp-image-122\" src=\"https:\/\/arcrentacar.ro\/wp-content\/uploads\/2021\/05\/rent-a-car-cluj-napoca-arc-drive-masina-de-inchiriat-cluj-napoca-Ford-Focus-Trent-4-300x200.jpg\" alt=\"inchirieri masini in Cluj Napoca\" width=\"500\" height=\"333\" srcset=\"https:\/\/arcrentacar.ro\/wp-content\/uploads\/2021\/05\/rent-a-car-cluj-napoca-arc-drive-masina-de-inchiriat-cluj-napoca-Ford-Focus-Trent-4-300x200.jpg 300w, https:\/\/arcrentacar.ro\/wp-content\/uploads\/2021\/05\/rent-a-car-cluj-napoca-arc-drive-masina-de-inchiriat-cluj-napoca-Ford-Focus-Trent-4-600x400.jpg 600w, https:\/\/arcrentacar.ro\/wp-content\/uploads\/2021\/05\/rent-a-car-cluj-napoca-arc-drive-masina-de-inchiriat-cluj-napoca-Ford-Focus-Trent-4-768x512.jpg 768w, https:\/\/arcrentacar.ro\/wp-content\/uploads\/2021\/05\/rent-a-car-cluj-napoca-arc-drive-masina-de-inchiriat-cluj-napoca-Ford-Focus-Trent-4.jpg 900w\" sizes=\"(max-width: 500px) 100vw, 500px\" \/><\/p>\n<p>&nbsp;<\/p>\n<p>Autoturismul este oferit spre \u00eenchiriere cur\u0103\u021bat \u0219i igienizat, dup\u0103 fiecare c\u0103l\u0103torie. Dispune de anvelope de sezon \u0219i de asemenea este livrat cu un plin de carburant. Livrarea se poate face \u021bin\u00e2ndu-se cont de preferin\u021bele tale, fie \u00een Cluj Napoca fie direct la\u00a0<a href=\"http:\/\/airportcluj.ro\/\" target=\"_blank\" rel=\"noreferrer noopener\">aeroport<\/a>.<\/p>\n<p>&nbsp;<\/p>\n<p>inchirieri masini in Cluj Napoca<\/p>\n<h4><strong>FORD FOCUS TRENT 2017, 1.5 ECOBOOST 150 HP<\/strong><\/h4>\n<ul>\n<li><strong><em>Clima <\/em><\/strong><\/li>\n<li><strong><em>Computer la bord <\/em><\/strong><\/li>\n<li><strong><em>Navigatie Touch <\/em><\/strong><\/li>\n<li><strong><em>Pilot automat <\/em><\/strong><\/li>\n<li><strong><em>Incalzire scaune\/volan <\/em><\/strong><\/li>\n<li><strong><em>Sistem Start\/Stop <\/em><\/strong><\/li>\n<li><strong><em>Inchidere centralizata <\/em><\/strong><\/li>\n<li><strong><em>ABS\/ESP <\/em><\/strong><\/li>\n<li><strong><em>Geamuri si oglinzi electrice <\/em><\/strong><\/li>\n<li><strong><em>Comenzi pe volan <\/em><\/strong><\/li>\n<li><strong><em>CD MP3\u00a0<\/em><\/strong><\/li>\n<\/ul>\n<p>&nbsp;<\/p>\n<p>Rezerv\u0103 acum online sau telefonic!<\/p>\n<p>&nbsp;<\/p>\n<p><a href=\"https:\/\/arcrentacar.ro\/masini\/ford-focus-automatic-inchirieri-cluj-napoca-aeroport\/\" target=\"_blank\" rel=\"noopener\">Vezi \u0219i <strong>Ford Focus 2019 automatic, 1,5 TDCI 120 CP<\/strong><\/a><\/p>\n<p><a href=\"tel:+40 (745) 553 854\" target=\"_blank\" rel=\"noreferrer noopener\">SUN\u0102 ACUM!\u00a0<strong>+40 (745) 553 854<\/strong><\/a><\/p>\n<p><strong>\u00cenapoi la\u00a0<a href=\"https:\/\/arcrentacar.ro\/cars\/\" target=\"_blank\" rel=\"noreferrer noopener\">OFERTE DE \u00ceNCHIRIAT<\/a><\/strong><\/p>\n<p><strong><a href=\"http:\/\/airportcluj.ro\/\" target=\"_blank\" rel=\"noreferrer noopener\">AEROPORTUL INTERNA\u021aIONAL AVRAM IANCU CLUJ<\/a><\/strong><\/p>\n","protected":false},"excerpt":{"rendered":"<p>inchirieri masini in Cluj Napoca &nbsp; De fiecare dat\u0103 c\u00e2nd ne \u00eentreb\u0103m clien\u021bii cum a fost experien\u021ba cu acest model ni se r\u0103spunde \u201ewow\u201d. Detaliile care ies \u00een eviden\u021b\u0103 sunt: Direc\u021bia. Aceasta este una dintre cele mai bune direc\u021bii electrice. Volanul se mi\u0219c\u0103 u\u0219or, este moale \u0219i foarte facil de manevrat la parc\u0103ri sau prin [&hellip;]<\/p>\n","protected":false},"featured_media":2589,"comment_status":"closed","ping_status":"closed","template":"","meta":[],"product_brand":[],"product_cat":[95],"product_tag":[112],"class_list":{"0":"post-3535","1":"product","2":"type-product","3":"status-publish","4":"has-post-thumbnail","6":"product_cat-hatchback-en","7":"product_tag-inchirieri-auto-5-locuri-en","9":"first","10":"instock","11":"shipping-taxable","12":"product-type-redq_rental"},"yoast_head":"<!-- This site is optimized with the Yoast SEO plugin v27.4 - https:\/\/yoast.com\/product\/yoast-seo-wordpress\/ -->\n<title>Inchiriere Ford Focus Trent 2017 1.5 Ecoboost 150 HP \u25b7 ArcRentACar<\/title>\n<meta name=\"description\" content=\"Inchirieri masini in Cluj Napoca | Focus Trent Livrarea se poate face fie \u00een Cluj Napoca fie direct la aeroportul Avram Iancu. Rezerva acum!\" \/>\n<meta name=\"robots\" content=\"index, follow, max-snippet:-1, max-image-preview:large, max-video-preview:-1\" \/>\n<link rel=\"canonical\" href=\"https:\/\/arcrentacar.ro\/en\/masini\/inchirieri-masini-in-cluj-napoca-ford-focus-trent\/\" \/>\n<meta property=\"og:locale\" content=\"en_US\" \/>\n<meta property=\"og:type\" content=\"article\" \/>\n<meta property=\"og:title\" content=\"Inchirieri masini in Cluj Napoca | Ford Focus Trent 2017\" \/>\n<meta property=\"og:description\" content=\"Inchirieri masini in Cluj Napoca | Focus Trent Livrarea se poate face fie \u00een Cluj Napoca fie direct la aeroportul Avram Iancu. Rezerva acum!\" \/>\n<meta property=\"og:url\" content=\"https:\/\/arcrentacar.ro\/en\/masini\/inchirieri-masini-in-cluj-napoca-ford-focus-trent\/\" \/>\n<meta property=\"og:site_name\" content=\"Arc Drive\" \/>\n<meta property=\"article:publisher\" content=\"https:\/\/www.facebook.com\/arcdriverentacar\" \/>\n<meta property=\"og:image\" content=\"https:\/\/arcrentacar.ro\/wp-content\/uploads\/2021\/05\/rent-a-car-cluj-napoca-arc-drive-masina-de-inchiriat-cluj-napoca-Ford-Focus-Trent-2.jpg\" \/>\n<meta name=\"twitter:card\" content=\"summary_large_image\" \/>\n<meta name=\"twitter:label1\" content=\"Est. reading time\" \/>\n\t<meta name=\"twitter:data1\" content=\"1 minute\" \/>\n<script type=\"application\/ld+json\" class=\"yoast-schema-graph\">{\"@context\":\"https:\\\/\\\/schema.org\",\"@graph\":[{\"@type\":\"WebPage\",\"@id\":\"https:\\\/\\\/arcrentacar.ro\\\/en\\\/masini\\\/inchirieri-masini-in-cluj-napoca-ford-focus-trent\\\/\",\"url\":\"https:\\\/\\\/arcrentacar.ro\\\/en\\\/masini\\\/inchirieri-masini-in-cluj-napoca-ford-focus-trent\\\/\",\"name\":\"Inchiriere Ford Focus Trent 2017 1.5 Ecoboost 150 HP \u25b7 ArcRentACar\",\"isPartOf\":{\"@id\":\"https:\\\/\\\/arcrentacar.ro\\\/en\\\/#website\"},\"primaryImageOfPage\":{\"@id\":\"https:\\\/\\\/arcrentacar.ro\\\/en\\\/masini\\\/inchirieri-masini-in-cluj-napoca-ford-focus-trent\\\/#primaryimage\"},\"image\":{\"@id\":\"https:\\\/\\\/arcrentacar.ro\\\/en\\\/masini\\\/inchirieri-masini-in-cluj-napoca-ford-focus-trent\\\/#primaryimage\"},\"thumbnailUrl\":\"https:\\\/\\\/arcrentacar.ro\\\/wp-content\\\/uploads\\\/2021\\\/05\\\/rent-a-car-cluj-napoca-arc-drive-masina-de-inchiriat-cluj-napoca-Ford-Focus-Trent-2.jpg\",\"datePublished\":\"2021-05-11T12:04:21+00:00\",\"description\":\"Inchirieri masini in Cluj Napoca | Focus Trent Livrarea se poate face fie \u00een Cluj Napoca fie direct la aeroportul Avram Iancu. Rezerva acum!\",\"breadcrumb\":{\"@id\":\"https:\\\/\\\/arcrentacar.ro\\\/en\\\/masini\\\/inchirieri-masini-in-cluj-napoca-ford-focus-trent\\\/#breadcrumb\"},\"inLanguage\":\"en-US\",\"potentialAction\":[{\"@type\":\"ReadAction\",\"target\":[\"https:\\\/\\\/arcrentacar.ro\\\/en\\\/masini\\\/inchirieri-masini-in-cluj-napoca-ford-focus-trent\\\/\"]}]},{\"@type\":\"ImageObject\",\"inLanguage\":\"en-US\",\"@id\":\"https:\\\/\\\/arcrentacar.ro\\\/en\\\/masini\\\/inchirieri-masini-in-cluj-napoca-ford-focus-trent\\\/#primaryimage\",\"url\":\"https:\\\/\\\/arcrentacar.ro\\\/wp-content\\\/uploads\\\/2021\\\/05\\\/rent-a-car-cluj-napoca-arc-drive-masina-de-inchiriat-cluj-napoca-Ford-Focus-Trent-2.jpg\",\"contentUrl\":\"https:\\\/\\\/arcrentacar.ro\\\/wp-content\\\/uploads\\\/2021\\\/05\\\/rent-a-car-cluj-napoca-arc-drive-masina-de-inchiriat-cluj-napoca-Ford-Focus-Trent-2.jpg\",\"width\":900,\"height\":600,\"caption\":\"inchirieri masini in Cluj Napoca\"},{\"@type\":\"BreadcrumbList\",\"@id\":\"https:\\\/\\\/arcrentacar.ro\\\/en\\\/masini\\\/inchirieri-masini-in-cluj-napoca-ford-focus-trent\\\/#breadcrumb\",\"itemListElement\":[{\"@type\":\"ListItem\",\"position\":1,\"name\":\"Prima pagin\u0103\",\"item\":\"https:\\\/\\\/arcrentacar.ro\\\/en\\\/\"},{\"@type\":\"ListItem\",\"position\":2,\"name\":\"Flota auto\",\"item\":\"https:\\\/\\\/arcrentacar.ro\\\/flota-auto\\\/\"},{\"@type\":\"ListItem\",\"position\":3,\"name\":\"FORD FOCUS TRENT 2017, 1.5 ECOBOOST 150 HP\"}]},{\"@type\":\"WebSite\",\"@id\":\"https:\\\/\\\/arcrentacar.ro\\\/en\\\/#website\",\"url\":\"https:\\\/\\\/arcrentacar.ro\\\/en\\\/\",\"name\":\"Arc Drive\",\"description\":\"Life is a journey, enjoy the ride!\",\"publisher\":{\"@id\":\"https:\\\/\\\/arcrentacar.ro\\\/en\\\/#organization\"},\"potentialAction\":[{\"@type\":\"SearchAction\",\"target\":{\"@type\":\"EntryPoint\",\"urlTemplate\":\"https:\\\/\\\/arcrentacar.ro\\\/en\\\/?s={search_term_string}\"},\"query-input\":{\"@type\":\"PropertyValueSpecification\",\"valueRequired\":true,\"valueName\":\"search_term_string\"}}],\"inLanguage\":\"en-US\"},{\"@type\":\"Organization\",\"@id\":\"https:\\\/\\\/arcrentacar.ro\\\/en\\\/#organization\",\"name\":\"Arc Drive\",\"url\":\"https:\\\/\\\/arcrentacar.ro\\\/en\\\/\",\"logo\":{\"@type\":\"ImageObject\",\"inLanguage\":\"en-US\",\"@id\":\"https:\\\/\\\/arcrentacar.ro\\\/en\\\/#\\\/schema\\\/logo\\\/image\\\/\",\"url\":\"https:\\\/\\\/arcrentacar.ro\\\/wp-content\\\/uploads\\\/2021\\\/05\\\/cropped-cropped-logo.png\",\"contentUrl\":\"https:\\\/\\\/arcrentacar.ro\\\/wp-content\\\/uploads\\\/2021\\\/05\\\/cropped-cropped-logo.png\",\"width\":1303,\"height\":303,\"caption\":\"Arc Drive\"},\"image\":{\"@id\":\"https:\\\/\\\/arcrentacar.ro\\\/en\\\/#\\\/schema\\\/logo\\\/image\\\/\"},\"sameAs\":[\"https:\\\/\\\/www.facebook.com\\\/arcdriverentacar\"]}]}<\/script>\n<!-- \/ Yoast SEO plugin. -->","yoast_head_json":{"title":"Inchiriere Ford Focus Trent 2017 1.5 Ecoboost 150 HP \u25b7 ArcRentACar","description":"Inchirieri masini in Cluj Napoca | Focus Trent Livrarea se poate face fie \u00een Cluj Napoca fie direct la aeroportul Avram Iancu. Rezerva acum!","robots":{"index":"index","follow":"follow","max-snippet":"max-snippet:-1","max-image-preview":"max-image-preview:large","max-video-preview":"max-video-preview:-1"},"canonical":"https:\/\/arcrentacar.ro\/en\/masini\/inchirieri-masini-in-cluj-napoca-ford-focus-trent\/","og_locale":"en_US","og_type":"article","og_title":"Inchirieri masini in Cluj Napoca | Ford Focus Trent 2017","og_description":"Inchirieri masini in Cluj Napoca | Focus Trent Livrarea se poate face fie \u00een Cluj Napoca fie direct la aeroportul Avram Iancu. Rezerva acum!","og_url":"https:\/\/arcrentacar.ro\/en\/masini\/inchirieri-masini-in-cluj-napoca-ford-focus-trent\/","og_site_name":"Arc Drive","article_publisher":"https:\/\/www.facebook.com\/arcdriverentacar","og_image":[{"url":"https:\/\/arcrentacar.ro\/wp-content\/uploads\/2021\/05\/rent-a-car-cluj-napoca-arc-drive-masina-de-inchiriat-cluj-napoca-Ford-Focus-Trent-2.jpg","type":"","width":"","height":""}],"twitter_card":"summary_large_image","twitter_misc":{"Est. reading time":"1 minute"},"schema":{"@context":"https:\/\/schema.org","@graph":[{"@type":"WebPage","@id":"https:\/\/arcrentacar.ro\/en\/masini\/inchirieri-masini-in-cluj-napoca-ford-focus-trent\/","url":"https:\/\/arcrentacar.ro\/en\/masini\/inchirieri-masini-in-cluj-napoca-ford-focus-trent\/","name":"Inchiriere Ford Focus Trent 2017 1.5 Ecoboost 150 HP \u25b7 ArcRentACar","isPartOf":{"@id":"https:\/\/arcrentacar.ro\/en\/#website"},"primaryImageOfPage":{"@id":"https:\/\/arcrentacar.ro\/en\/masini\/inchirieri-masini-in-cluj-napoca-ford-focus-trent\/#primaryimage"},"image":{"@id":"https:\/\/arcrentacar.ro\/en\/masini\/inchirieri-masini-in-cluj-napoca-ford-focus-trent\/#primaryimage"},"thumbnailUrl":"https:\/\/arcrentacar.ro\/wp-content\/uploads\/2021\/05\/rent-a-car-cluj-napoca-arc-drive-masina-de-inchiriat-cluj-napoca-Ford-Focus-Trent-2.jpg","datePublished":"2021-05-11T12:04:21+00:00","description":"Inchirieri masini in Cluj Napoca | Focus Trent Livrarea se poate face fie \u00een Cluj Napoca fie direct la aeroportul Avram Iancu. Rezerva acum!","breadcrumb":{"@id":"https:\/\/arcrentacar.ro\/en\/masini\/inchirieri-masini-in-cluj-napoca-ford-focus-trent\/#breadcrumb"},"inLanguage":"en-US","potentialAction":[{"@type":"ReadAction","target":["https:\/\/arcrentacar.ro\/en\/masini\/inchirieri-masini-in-cluj-napoca-ford-focus-trent\/"]}]},{"@type":"ImageObject","inLanguage":"en-US","@id":"https:\/\/arcrentacar.ro\/en\/masini\/inchirieri-masini-in-cluj-napoca-ford-focus-trent\/#primaryimage","url":"https:\/\/arcrentacar.ro\/wp-content\/uploads\/2021\/05\/rent-a-car-cluj-napoca-arc-drive-masina-de-inchiriat-cluj-napoca-Ford-Focus-Trent-2.jpg","contentUrl":"https:\/\/arcrentacar.ro\/wp-content\/uploads\/2021\/05\/rent-a-car-cluj-napoca-arc-drive-masina-de-inchiriat-cluj-napoca-Ford-Focus-Trent-2.jpg","width":900,"height":600,"caption":"inchirieri masini in Cluj Napoca"},{"@type":"BreadcrumbList","@id":"https:\/\/arcrentacar.ro\/en\/masini\/inchirieri-masini-in-cluj-napoca-ford-focus-trent\/#breadcrumb","itemListElement":[{"@type":"ListItem","position":1,"name":"Prima pagin\u0103","item":"https:\/\/arcrentacar.ro\/en\/"},{"@type":"ListItem","position":2,"name":"Flota auto","item":"https:\/\/arcrentacar.ro\/flota-auto\/"},{"@type":"ListItem","position":3,"name":"FORD FOCUS TRENT 2017, 1.5 ECOBOOST 150 HP"}]},{"@type":"WebSite","@id":"https:\/\/arcrentacar.ro\/en\/#website","url":"https:\/\/arcrentacar.ro\/en\/","name":"Arc Drive","description":"Life is a journey, enjoy the ride!","publisher":{"@id":"https:\/\/arcrentacar.ro\/en\/#organization"},"potentialAction":[{"@type":"SearchAction","target":{"@type":"EntryPoint","urlTemplate":"https:\/\/arcrentacar.ro\/en\/?s={search_term_string}"},"query-input":{"@type":"PropertyValueSpecification","valueRequired":true,"valueName":"search_term_string"}}],"inLanguage":"en-US"},{"@type":"Organization","@id":"https:\/\/arcrentacar.ro\/en\/#organization","name":"Arc Drive","url":"https:\/\/arcrentacar.ro\/en\/","logo":{"@type":"ImageObject","inLanguage":"en-US","@id":"https:\/\/arcrentacar.ro\/en\/#\/schema\/logo\/image\/","url":"https:\/\/arcrentacar.ro\/wp-content\/uploads\/2021\/05\/cropped-cropped-logo.png","contentUrl":"https:\/\/arcrentacar.ro\/wp-content\/uploads\/2021\/05\/cropped-cropped-logo.png","width":1303,"height":303,"caption":"Arc Drive"},"image":{"@id":"https:\/\/arcrentacar.ro\/en\/#\/schema\/logo\/image\/"},"sameAs":["https:\/\/www.facebook.com\/arcdriverentacar"]}]}},"_links":{"self":[{"href":"https:\/\/arcrentacar.ro\/en\/wp-json\/wp\/v2\/product\/3535","targetHints":{"allow":["GET"]}}],"collection":[{"href":"https:\/\/arcrentacar.ro\/en\/wp-json\/wp\/v2\/product"}],"about":[{"href":"https:\/\/arcrentacar.ro\/en\/wp-json\/wp\/v2\/types\/product"}],"replies":[{"embeddable":true,"href":"https:\/\/arcrentacar.ro\/en\/wp-json\/wp\/v2\/comments?post=3535"}],"wp:featuredmedia":[{"embeddable":true,"href":"https:\/\/arcrentacar.ro\/en\/wp-json\/wp\/v2\/media\/2589"}],"wp:attachment":[{"href":"https:\/\/arcrentacar.ro\/en\/wp-json\/wp\/v2\/media?parent=3535"}],"wp:term":[{"taxonomy":"product_brand","embeddable":true,"href":"https:\/\/arcrentacar.ro\/en\/wp-json\/wp\/v2\/product_brand?post=3535"},{"taxonomy":"product_cat","embeddable":true,"href":"https:\/\/arcrentacar.ro\/en\/wp-json\/wp\/v2\/product_cat?post=3535"},{"taxonomy":"product_tag","embeddable":true,"href":"https:\/\/arcrentacar.ro\/en\/wp-json\/wp\/v2\/product_tag?post=3535"}],"curies":[{"name":"wp","href":"https:\/\/api.w.org\/{rel}","templated":true}]}}